{"id":1266,"date":"2019-06-18T09:04:53","date_gmt":"2019-06-18T07:04:53","guid":{"rendered":"https:\/\/www.imm.upv.es\/?page_id=1266"},"modified":"2023-01-09T14:08:49","modified_gmt":"2023-01-09T13:08:49","slug":"talks-seminars","status":"publish","type":"page","link":"https:\/\/imm.webs.upv.es\/ca\/talks-seminars\/","title":{"rendered":"Xarrades i Seminaris"},"content":{"rendered":"<style>.wp-show-posts-columns#wpsp-1265 {margin-left: -2em; }.wp-show-posts-columns#wpsp-1265 .wp-show-posts-inner {margin: 0 0 2em 2em; }<\/style><section id=\"wpsp-1265\" class=\" wp-show-posts-columns wp-show-posts\" style=\"\"><article class=\" wp-show-posts-single post-4825 post type-post status-publish format-standard has-post-thumbnail hentry category-news category-talks-seminars wpsp-col-6\" itemtype=\"http:\/\/schema.org\/CreativeWork\" itemscope><div class=\"wp-show-posts-inner\" style=\"\">\t\t\t\t\t\t<header class=\"wp-show-posts-entry-header\">\n\t\t\t\t\t\t\t<h3 class=\"wp-show-posts-entry-title\" itemprop=\"headline\"><a href=\"https:\/\/imm.webs.upv.es\/ca\/integration-between-statistics-and-machine-learning-in-the-era-of-data-science\/\" rel=\"bookmark\">Integraci\u00f3 entre estad\u00edstica i aprenentatge autom\u00e0tic en l&#8217;era de la ci\u00e8ncia de dades<\/a><\/h3>\t\t\t\t\t\t<\/header><!-- .entry-header -->\n\t\t\t\t\t\t\t\t\t\t\t<div class=\"wp-show-posts-entry-summary\" itemprop=\"text\">\n\t\t\t\t\t\t\t<p>El Seminari de l&#8217;IMM ha acollit una xarrada impartida per la professora Myladis Cogollo, de la Universitat de C\u00f2rdova (Col\u00f2mbia), dedicada a analitzar les relacions i possibilitats d&#8217;integraci\u00f3 entre l&#8217;estad\u00edstica&#8230; <a class=\"continue-reading-link\" href=\"https:\/\/imm.webs.upv.es\/ca\/integration-between-statistics-and-machine-learning-in-the-era-of-data-science\/\">Show more<\/a><\/p>\n\t\t\t\t\t\t<\/div><!-- .entry-summary -->\n\t\t\t\t\t<\/div><!-- wp-show-posts-inner --><\/article><article class=\" wp-show-posts-single post-4815 post type-post status-publish format-standard has-post-thumbnail hentry category-news category-talks-seminars wpsp-col-6\" itemtype=\"http:\/\/schema.org\/CreativeWork\" itemscope><div class=\"wp-show-posts-inner\" style=\"\">\t\t\t\t\t\t<header class=\"wp-show-posts-entry-header\">\n\t\t\t\t\t\t\t<h3 class=\"wp-show-posts-entry-title\" itemprop=\"headline\"><a href=\"https:\/\/imm.webs.upv.es\/ca\/professor-antonio-caselles-gives-a-lecture-on-mathematical-modeling-of-complex-systems-at-the-imm\/\" rel=\"bookmark\">El professor Antonio Caselles imparteix una confer\u00e8ncia sobre modelitzaci\u00f3 matem\u00e0tica de sistemes complexos a l&#8217;IMM<\/a><\/h3>\t\t\t\t\t\t<\/header><!-- .entry-header -->\n\t\t\t\t\t\t\t\t\t\t\t<div class=\"wp-show-posts-entry-summary\" itemprop=\"text\">\n\t\t\t\t\t\t\t<p>El passat 5 de mar\u00e7 de 2026, l&#8217;Institut de Matem\u00e0tica Multidisciplin\u00e0ria va acollir la confer\u00e8ncia titulada \u201cMetodologia per a la modelitzaci\u00f3 matem\u00e0tica i computacional de sistemes complexos\u201d, impartida pel professor&#8230; <a class=\"continue-reading-link\" href=\"https:\/\/imm.webs.upv.es\/ca\/professor-antonio-caselles-gives-a-lecture-on-mathematical-modeling-of-complex-systems-at-the-imm\/\">Show more<\/a><\/p>\n\t\t\t\t\t\t<\/div><!-- .entry-summary -->\n\t\t\t\t\t<\/div><!-- wp-show-posts-inner --><\/article><article class=\" wp-show-posts-single post-4736 post type-post status-publish format-standard has-post-thumbnail hentry category-news category-talks-seminars wpsp-col-6\" itemtype=\"http:\/\/schema.org\/CreativeWork\" itemscope><div class=\"wp-show-posts-inner\" style=\"\">\t\t\t\t\t\t<header class=\"wp-show-posts-entry-header\">\n\t\t\t\t\t\t\t<h3 class=\"wp-show-posts-entry-title\" itemprop=\"headline\"><a href=\"https:\/\/imm.webs.upv.es\/ca\/mathematics-for-life-how-numbers-help-us-understand-and-conserve-biodiversity\/\" rel=\"bookmark\">Matem\u00e0tiques per a la vida: com els n\u00fameros ajuden a entendre i conservar la Biodiversitat.<\/a><\/h3>\t\t\t\t\t\t<\/header><!-- .entry-header -->\n\t\t\t\t\t\t\t\t\t\t\t<div class=\"wp-show-posts-entry-summary\" itemprop=\"text\">\n\t\t\t\t\t\t\t<p>L&#8217;IMM ha acollit el dijous 13 de novembre de 2025 la confer\u00e8ncia titulada \u201cMatem\u00e0tiques per a la vida: com els n\u00fameros ajuden a entendre i conservar la Biodiversitat\u201d, impartida pel&#8230; <a class=\"continue-reading-link\" href=\"https:\/\/imm.webs.upv.es\/ca\/mathematics-for-life-how-numbers-help-us-understand-and-conserve-biodiversity\/\">Show more<\/a><\/p>\n\t\t\t\t\t\t<\/div><!-- .entry-summary -->\n\t\t\t\t\t<\/div><!-- wp-show-posts-inner --><\/article><article class=\" wp-show-posts-single post-4708 post type-post status-publish format-standard has-post-thumbnail hentry category-news category-talks-seminars wpsp-col-6\" itemtype=\"http:\/\/schema.org\/CreativeWork\" itemscope><div class=\"wp-show-posts-inner\" style=\"\">\t\t\t\t\t\t<header class=\"wp-show-posts-entry-header\">\n\t\t\t\t\t\t\t<h3 class=\"wp-show-posts-entry-title\" itemprop=\"headline\"><a href=\"https:\/\/imm.webs.upv.es\/ca\/the-future-of-monte-carlo-simulations\/\" rel=\"bookmark\">El futur de les simulacions Montecarlo<\/a><\/h3>\t\t\t\t\t\t<\/header><!-- .entry-header -->\n\t\t\t\t\t\t\t\t\t\t\t<div class=\"wp-show-posts-entry-summary\" itemprop=\"text\">\n\t\t\t\t\t\t\t<p>El Seminari de l&#8217;IMM ha celebrat hui una sessi\u00f3 amb aforament complet per a acollir la confer\u00e8ncia del Dr. Vicente J. Bevia, antic alumne de doctorat de la UPV i&#8230; <a class=\"continue-reading-link\" href=\"https:\/\/imm.webs.upv.es\/ca\/the-future-of-monte-carlo-simulations\/\">Show more<\/a><\/p>\n\t\t\t\t\t\t<\/div><!-- .entry-summary -->\n\t\t\t\t\t<\/div><!-- wp-show-posts-inner --><\/article><article class=\" wp-show-posts-single post-4455 post type-post status-publish format-standard hentry category-talks-seminars wpsp-col-6\" itemtype=\"http:\/\/schema.org\/CreativeWork\" itemscope><div class=\"wp-show-posts-inner\" style=\"\">\t\t\t\t\t\t<header class=\"wp-show-posts-entry-header\">\n\t\t\t\t\t\t\t<h3 class=\"wp-show-posts-entry-title\" itemprop=\"headline\"><a href=\"https:\/\/imm.webs.upv.es\/ca\/fractional-fractal-and-conformable-derivatives-and-their-applications-in-engineering\/\" rel=\"bookmark\">Derivades fraccion\u00e0ries, fractals i conformables i les seues aplicacions en enginyeria<\/a><\/h3>\t\t\t\t\t\t<\/header><!-- .entry-header -->\n\t\t\t\t\t\t\t\t\t\t\t<div class=\"wp-show-posts-entry-summary\" itemprop=\"text\">\n\t\t\t\t\t\t\t<p>L&#8217;IMM ha acollit hui una destacada xarrada del professor Ali Akg\u00fcl, investigador de la Siirt University (Turquia), en un esdeveniment que s&#8217;ha celebrat en format presencial i en l\u00ednia, reunint&#8230; <a class=\"continue-reading-link\" href=\"https:\/\/imm.webs.upv.es\/ca\/fractional-fractal-and-conformable-derivatives-and-their-applications-in-engineering\/\">Show more<\/a><\/p>\n\t\t\t\t\t\t<\/div><!-- .entry-summary -->\n\t\t\t\t\t<\/div><!-- wp-show-posts-inner --><\/article><article class=\" wp-show-posts-single post-4450 post type-post status-publish format-standard hentry category-talks-seminars category-mmehb wpsp-col-6\" itemtype=\"http:\/\/schema.org\/CreativeWork\" itemscope><div class=\"wp-show-posts-inner\" style=\"\">\t\t\t\t\t\t<header class=\"wp-show-posts-entry-header\">\n\t\t\t\t\t\t\t<h3 class=\"wp-show-posts-entry-title\" itemprop=\"headline\"><a href=\"https:\/\/imm.webs.upv.es\/ca\/resounding-success-at-the-closing-of-the-mmehb25-conference\/\" rel=\"bookmark\">\u00c8xit rotund en el tancament del Congr\u00e9s #MMEHB25<\/a><\/h3>\t\t\t\t\t\t<\/header><!-- .entry-header -->\n\t\t\t\t\t\t\t\t\t\t\t<div class=\"wp-show-posts-entry-summary\" itemprop=\"text\">\n\t\t\t\t\t\t\t<p>Este divendres va concloure amb gran \u00e8xit la tercera i \u00faltima jornada del 27\u00e9 Congr\u00e9s Internacional Mathematical Modelling in Engineering and Human Behaviour, consolidant-se com un punt de trobada clau&#8230; <a class=\"continue-reading-link\" href=\"https:\/\/imm.webs.upv.es\/ca\/resounding-success-at-the-closing-of-the-mmehb25-conference\/\">Show more<\/a><\/p>\n\t\t\t\t\t\t<\/div><!-- .entry-summary -->\n\t\t\t\t\t<\/div><!-- wp-show-posts-inner --><\/article><article class=\" wp-show-posts-single post-4446 post type-post status-publish format-standard hentry category-talks-seminars category-mmehb wpsp-col-6\" itemtype=\"http:\/\/schema.org\/CreativeWork\" itemscope><div class=\"wp-show-posts-inner\" style=\"\">\t\t\t\t\t\t<header class=\"wp-show-posts-entry-header\">\n\t\t\t\t\t\t\t<h3 class=\"wp-show-posts-entry-title\" itemprop=\"headline\"><a href=\"https:\/\/imm.webs.upv.es\/ca\/second-day-of-the-conference-mmehb25-science-young-talent-and-a-look-at-the-moon\/\" rel=\"bookmark\">Segon dia del congr\u00e9s #MMEHB25: ci\u00e8ncia, talent jove i una mirada a la Lluna<\/a><\/h3>\t\t\t\t\t\t<\/header><!-- .entry-header -->\n\t\t\t\t\t\t\t\t\t\t\t<div class=\"wp-show-posts-entry-summary\" itemprop=\"text\">\n\t\t\t\t\t\t\t<p>El segon dia del congr\u00e9s ha estat marcat per una intensa activitat cient\u00edfica, amb la celebraci\u00f3 de diverses sessions especials que han abordat temes de gran actualitat i inter\u00e9s en&#8230; <a class=\"continue-reading-link\" href=\"https:\/\/imm.webs.upv.es\/ca\/second-day-of-the-conference-mmehb25-science-young-talent-and-a-look-at-the-moon\/\">Show more<\/a><\/p>\n\t\t\t\t\t\t<\/div><!-- .entry-summary -->\n\t\t\t\t\t<\/div><!-- wp-show-posts-inner --><\/article><article class=\" wp-show-posts-single post-4442 post type-post status-publish format-standard hentry category-talks-seminars category-mmehb wpsp-col-6\" itemtype=\"http:\/\/schema.org\/CreativeWork\" itemscope><div class=\"wp-show-posts-inner\" style=\"\">\t\t\t\t\t\t<header class=\"wp-show-posts-entry-header\">\n\t\t\t\t\t\t\t<h3 class=\"wp-show-posts-entry-title\" itemprop=\"headline\"><a href=\"https:\/\/imm.webs.upv.es\/ca\/first-day-of-the-27th-edition-of-the-mathematical-modelling-in-engineering-and-human-behaviour-with-more-than-100-participants\/\" rel=\"bookmark\">Primer dia de la 27a Edici\u00f3 del Mathematical Modelling in Engineering and Human Behaviour, amb m\u00e9s de 100 participants<\/a><\/h3>\t\t\t\t\t\t<\/header><!-- .entry-header -->\n\t\t\t\t\t\t\t\t\t\t\t<div class=\"wp-show-posts-entry-summary\" itemprop=\"text\">\n\t\t\t\t\t\t\t<p>L&#8217;Escola T\u00e8cnica Superior d&#8217;Enginyeria Inform\u00e0tica de la Universitat Polit\u00e8cnica de Val\u00e8ncia ha sigut hui l&#8217;escenari de la inauguraci\u00f3 de la 27a edici\u00f3 del Congr\u00e9s Internacional Mathematical Modelling in Engineering and&#8230; <a class=\"continue-reading-link\" href=\"https:\/\/imm.webs.upv.es\/ca\/first-day-of-the-27th-edition-of-the-mathematical-modelling-in-engineering-and-human-behaviour-with-more-than-100-participants\/\">Show more<\/a><\/p>\n\t\t\t\t\t\t<\/div><!-- .entry-summary -->\n\t\t\t\t\t<\/div><!-- wp-show-posts-inner --><\/article><article class=\" wp-show-posts-single post-4428 post type-post status-publish format-standard hentry category-talks-seminars wpsp-col-6\" itemtype=\"http:\/\/schema.org\/CreativeWork\" itemscope><div class=\"wp-show-posts-inner\" style=\"\">\t\t\t\t\t\t<header class=\"wp-show-posts-entry-header\">\n\t\t\t\t\t\t\t<h3 class=\"wp-show-posts-entry-title\" itemprop=\"headline\"><a href=\"https:\/\/imm.webs.upv.es\/ca\/advances-in-nature-inspired-hybrid-algorithms\/\" rel=\"bookmark\">Avan\u00e7os en algorismes h\u00edbrids inspirats en la naturalesa<\/a><\/h3>\t\t\t\t\t\t<\/header><!-- .entry-header -->\n\t\t\t\t\t\t\t\t\t\t\t<div class=\"wp-show-posts-entry-summary\" itemprop=\"text\">\n\t\t\t\t\t\t\t<p>L&#8217;IMM ha acollit la confer\u00e8ncia de la professora Fiza Zafar, experta en m\u00e8todes num\u00e8rics i optimitzaci\u00f3, i col\u00b7laboradora del grup d&#8217;investigaci\u00f3 DAMRES de l&#8217;IMM. La jornada ha acollit a nombrosos&#8230; <a class=\"continue-reading-link\" href=\"https:\/\/imm.webs.upv.es\/ca\/advances-in-nature-inspired-hybrid-algorithms\/\">Show more<\/a><\/p>\n\t\t\t\t\t\t<\/div><!-- .entry-summary -->\n\t\t\t\t\t<\/div><!-- wp-show-posts-inner --><\/article><article class=\" wp-show-posts-single post-4406 post type-post status-publish format-standard has-post-thumbnail hentry category-talks-seminars wpsp-col-6\" itemtype=\"http:\/\/schema.org\/CreativeWork\" itemscope><div class=\"wp-show-posts-inner\" style=\"\">\t\t\t\t\t\t<header class=\"wp-show-posts-entry-header\">\n\t\t\t\t\t\t\t<h3 class=\"wp-show-posts-entry-title\" itemprop=\"headline\"><a href=\"https:\/\/imm.webs.upv.es\/ca\/mathematical-research-at-the-upv\/\" rel=\"bookmark\">Investigaci\u00f3 Matem\u00e0tica en la UPV<\/a><\/h3>\t\t\t\t\t\t<\/header><!-- .entry-header -->\n\t\t\t\t\t\t\t\t\t\t\t<div class=\"wp-show-posts-entry-summary\" itemprop=\"text\">\n\t\t\t\t\t\t\t<p>La sala d&#8217;actes de la ETSI Telecomunicaci\u00f3n ha acollit la primera jornada &#8220;Investigaci\u00f3 Matem\u00e0tica en la UPV&#8221;. Desenes d&#8217;estudiants i investigadors de la UPV han assistit a la sessi\u00f3, en&#8230; <a class=\"continue-reading-link\" href=\"https:\/\/imm.webs.upv.es\/ca\/mathematical-research-at-the-upv\/\">Show more<\/a><\/p>\n\t\t\t\t\t\t<\/div><!-- .entry-summary -->\n\t\t\t\t\t<\/div><!-- wp-show-posts-inner --><\/article><div class=\"wpsp-clear\"><\/div><\/section><!-- .wp-show-posts -->\n","protected":false},"excerpt":{"rendered":"<p> <a class=\"continue-reading-link\" href=\"https:\/\/imm.webs.upv.es\/ca\/mathematical-research-at-the-upv\/\">Show more<\/a><\/p>\n","protected":false},"author":4,"featured_media":0,"parent":0,"menu_order":0,"comment_status":"closed","ping_status":"closed","template":"","meta":{"ngg_post_thumbnail":0,"footnotes":""},"class_list":["post-1266","page","type-page","status-publish","hentry"],"translation":{"provider":"WPGlobus","version":"3.0.2","language":"ca","enabled_languages":["en","ca","es"],"languages":{"en":{"title":true,"content":true,"excerpt":false},"ca":{"title":true,"content":true,"excerpt":false},"es":{"title":true,"content":true,"excerpt":false}}},"yoast_head":"<!-- This site is optimized with the Yoast SEO plugin v27.4 - https:\/\/yoast.com\/product\/yoast-seo-wordpress\/ -->\n<title>Xarrades i Seminaris - I. U. de Matem\u00e0tica Multidisciplin\u00e0ria<\/title>\n<meta name=\"robots\" content=\"index, follow, max-snippet:-1, max-image-preview:large, max-video-preview:-1\" \/>\n<link rel=\"canonical\" href=\"https:\/\/imm.webs.upv.es\/talks-seminars\/\" \/>\n<meta property=\"og:locale\" content=\"ca_ES\" \/>\n<meta property=\"og:type\" content=\"article\" \/>\n<meta property=\"og:title\" content=\"Xarrades i Seminaris - I. U. de Matem\u00e0tica Multidisciplin\u00e0ria\" \/>\n<meta property=\"og:url\" content=\"https:\/\/imm.webs.upv.es\/talks-seminars\/\" \/>\n<meta property=\"og:site_name\" content=\"I. U. de Matem\u00e0tica Multidisciplin\u00e0ria\" \/>\n<meta property=\"article:modified_time\" content=\"2023-01-09T13:08:49+00:00\" \/>\n<meta name=\"twitter:card\" content=\"summary_large_image\" \/>\n<script type=\"application\/ld+json\" class=\"yoast-schema-graph\">{\"@context\":\"https:\\\/\\\/schema.org\",\"@graph\":[{\"@type\":\"WebPage\",\"@id\":\"https:\\\/\\\/imm.webs.upv.es\\\/talks-seminars\\\/\",\"url\":\"https:\\\/\\\/imm.webs.upv.es\\\/talks-seminars\\\/\",\"name\":\"Xarrades i Seminaris - I. U. de Matem\u00e0tica Multidisciplin\u00e0ria\",\"isPartOf\":{\"@id\":\"https:\\\/\\\/imm.webs.upv.es\\\/#website\"},\"datePublished\":\"2019-06-18T07:04:53+00:00\",\"dateModified\":\"2023-01-09T13:08:49+00:00\",\"breadcrumb\":{\"@id\":\"https:\\\/\\\/imm.webs.upv.es\\\/talks-seminars\\\/#breadcrumb\"},\"inLanguage\":\"ca\",\"potentialAction\":[{\"@type\":\"ReadAction\",\"target\":[\"https:\\\/\\\/imm.webs.upv.es\\\/talks-seminars\\\/\"]}]},{\"@type\":\"BreadcrumbList\",\"@id\":\"https:\\\/\\\/imm.webs.upv.es\\\/talks-seminars\\\/#breadcrumb\",\"itemListElement\":[{\"@type\":\"ListItem\",\"position\":1,\"name\":\"Home\",\"item\":\"https:\\\/\\\/imm.webs.upv.es\\\/\"},{\"@type\":\"ListItem\",\"position\":2,\"name\":\"Talks &#038; Seminars\"}]},{\"@type\":\"WebSite\",\"@id\":\"https:\\\/\\\/imm.webs.upv.es\\\/#website\",\"url\":\"https:\\\/\\\/imm.webs.upv.es\\\/\",\"name\":\"I. U. de Matem\u00e0tica Multidisciplin\u00e0ria\",\"description\":\"\",\"publisher\":{\"@id\":\"https:\\\/\\\/imm.webs.upv.es\\\/#organization\"},\"potentialAction\":[{\"@type\":\"SearchAction\",\"target\":{\"@type\":\"EntryPoint\",\"urlTemplate\":\"https:\\\/\\\/imm.webs.upv.es\\\/?s={search_term_string}\"},\"query-input\":{\"@type\":\"PropertyValueSpecification\",\"valueRequired\":true,\"valueName\":\"search_term_string\"}}],\"inLanguage\":\"ca\"},{\"@type\":\"Organization\",\"@id\":\"https:\\\/\\\/imm.webs.upv.es\\\/#organization\",\"name\":\"I. U. de Matem\u00e1tica Multidisciplinar\",\"url\":\"https:\\\/\\\/imm.webs.upv.es\\\/\",\"logo\":{\"@type\":\"ImageObject\",\"inLanguage\":\"ca\",\"@id\":\"https:\\\/\\\/imm.webs.upv.es\\\/#\\\/schema\\\/logo\\\/image\\\/\",\"url\":\"https:\\\/\\\/imm.webs.upv.es\\\/wp-content\\\/uploads\\\/2020\\\/11\\\/imm_blue-1.png\",\"contentUrl\":\"https:\\\/\\\/imm.webs.upv.es\\\/wp-content\\\/uploads\\\/2020\\\/11\\\/imm_blue-1.png\",\"width\":931,\"height\":498,\"caption\":\"I. U. de Matem\u00e1tica Multidisciplinar\"},\"image\":{\"@id\":\"https:\\\/\\\/imm.webs.upv.es\\\/#\\\/schema\\\/logo\\\/image\\\/\"}}]}<\/script>\n<!-- \/ Yoast SEO plugin. -->","yoast_head_json":{"title":"Xarrades i Seminaris - I. U. de Matem\u00e0tica Multidisciplin\u00e0ria","robots":{"index":"index","follow":"follow","max-snippet":"max-snippet:-1","max-image-preview":"max-image-preview:large","max-video-preview":"max-video-preview:-1"},"canonical":"https:\/\/imm.webs.upv.es\/talks-seminars\/","og_locale":"ca_ES","og_type":"article","og_title":"Xarrades i Seminaris - I. U. de Matem\u00e0tica Multidisciplin\u00e0ria","og_url":"https:\/\/imm.webs.upv.es\/talks-seminars\/","og_site_name":"I. U. de Matem\u00e0tica Multidisciplin\u00e0ria","article_modified_time":"2023-01-09T13:08:49+00:00","twitter_card":"summary_large_image","schema":{"@context":"https:\/\/schema.org","@graph":[{"@type":"WebPage","@id":"https:\/\/imm.webs.upv.es\/talks-seminars\/","url":"https:\/\/imm.webs.upv.es\/talks-seminars\/","name":"Xarrades i Seminaris - I. U. de Matem\u00e0tica Multidisciplin\u00e0ria","isPartOf":{"@id":"https:\/\/imm.webs.upv.es\/#website"},"datePublished":"2019-06-18T07:04:53+00:00","dateModified":"2023-01-09T13:08:49+00:00","breadcrumb":{"@id":"https:\/\/imm.webs.upv.es\/talks-seminars\/#breadcrumb"},"inLanguage":"ca","potentialAction":[{"@type":"ReadAction","target":["https:\/\/imm.webs.upv.es\/talks-seminars\/"]}]},{"@type":"BreadcrumbList","@id":"https:\/\/imm.webs.upv.es\/talks-seminars\/#breadcrumb","itemListElement":[{"@type":"ListItem","position":1,"name":"Home","item":"https:\/\/imm.webs.upv.es\/"},{"@type":"ListItem","position":2,"name":"Talks &#038; Seminars"}]},{"@type":"WebSite","@id":"https:\/\/imm.webs.upv.es\/#website","url":"https:\/\/imm.webs.upv.es\/","name":"I. U. de Matem\u00e0tica Multidisciplin\u00e0ria","description":"","publisher":{"@id":"https:\/\/imm.webs.upv.es\/#organization"},"potentialAction":[{"@type":"SearchAction","target":{"@type":"EntryPoint","urlTemplate":"https:\/\/imm.webs.upv.es\/?s={search_term_string}"},"query-input":{"@type":"PropertyValueSpecification","valueRequired":true,"valueName":"search_term_string"}}],"inLanguage":"ca"},{"@type":"Organization","@id":"https:\/\/imm.webs.upv.es\/#organization","name":"I. U. de Matem\u00e1tica Multidisciplinar","url":"https:\/\/imm.webs.upv.es\/","logo":{"@type":"ImageObject","inLanguage":"ca","@id":"https:\/\/imm.webs.upv.es\/#\/schema\/logo\/image\/","url":"https:\/\/imm.webs.upv.es\/wp-content\/uploads\/2020\/11\/imm_blue-1.png","contentUrl":"https:\/\/imm.webs.upv.es\/wp-content\/uploads\/2020\/11\/imm_blue-1.png","width":931,"height":498,"caption":"I. U. de Matem\u00e1tica Multidisciplinar"},"image":{"@id":"https:\/\/imm.webs.upv.es\/#\/schema\/logo\/image\/"}}]}},"_links":{"self":[{"href":"https:\/\/imm.webs.upv.es\/ca\/wp-json\/wp\/v2\/pages\/1266","targetHints":{"allow":["GET"]}}],"collection":[{"href":"https:\/\/imm.webs.upv.es\/ca\/wp-json\/wp\/v2\/pages"}],"about":[{"href":"https:\/\/imm.webs.upv.es\/ca\/wp-json\/wp\/v2\/types\/page"}],"author":[{"embeddable":true,"href":"https:\/\/imm.webs.upv.es\/ca\/wp-json\/wp\/v2\/users\/4"}],"replies":[{"embeddable":true,"href":"https:\/\/imm.webs.upv.es\/ca\/wp-json\/wp\/v2\/comments?post=1266"}],"version-history":[{"count":4,"href":"https:\/\/imm.webs.upv.es\/ca\/wp-json\/wp\/v2\/pages\/1266\/revisions"}],"predecessor-version":[{"id":2559,"href":"https:\/\/imm.webs.upv.es\/ca\/wp-json\/wp\/v2\/pages\/1266\/revisions\/2559"}],"wp:attachment":[{"href":"https:\/\/imm.webs.upv.es\/ca\/wp-json\/wp\/v2\/media?parent=1266"}],"curies":[{"name":"wp","href":"https:\/\/api.w.org\/{rel}","templated":true}]}}