{"id":1608,"date":"2021-01-20T09:43:52","date_gmt":"2021-01-20T08:43:52","guid":{"rendered":"https:\/\/www.imm.upv.es\/?page_id=1608"},"modified":"2023-07-03T11:10:35","modified_gmt":"2023-07-03T09:10:35","slug":"former-members-and-visitors","status":"publish","type":"page","link":"https:\/\/imm.webs.upv.es\/ca\/former-members-and-visitors\/","title":{"rendered":"Antics membres y visitants"},"content":{"rendered":"<div class=\"su-table su-table-alternate\">\n<table>\n<tbody>\n<tr>\n<td><strong>Membre o Visitant<\/strong><\/td>\n<td><strong>Posici\u00f3 a l&#8217;IMM<\/strong><\/td>\n<td><strong>\u00a0Filiaci\u00f3<\/strong><\/td>\n<\/tr>\n<tr>\n<td>Acedo Rodriguez, Luis<\/td>\n<td>Research Support<\/td>\n<td>Universidad de Extremadura<\/td>\n<\/tr>\n<tr>\n<td>Al-Kasadi, Mohammed Saleh Salim<\/td>\n<td>Estudiant de Doctorat<\/td>\n<td>Yemen University<\/td>\n<\/tr>\n<tr>\n<td>Ayala Cabrera, David<\/td>\n<td>Estudiant de Doctorat i<br \/>\nProfessor Vistant<\/td>\n<td>School of Civil Engineering, University College Dublin, Ireland<\/td>\n<\/tr>\n<tr>\n<td>Badder, Philipp<\/td>\n<td>Estudiant de Doctorat<\/td>\n<td>Universitat Jaume I, Castell\u00f3 de la Plana, Spain<\/td>\n<\/tr>\n<tr>\n<td>Blanco Saura, Antonio Enrique<\/td>\n<td><\/td>\n<td><\/td>\n<\/tr>\n<tr>\n<td>Calatayud Gregori, Julia<\/td>\n<td>Estudiant de Doctorat<\/td>\n<td><\/td>\n<\/tr>\n<tr>\n<td>Cambpell Gonz\u00e1lez, Enrique Omar<\/td>\n<td>Estudiant de Doctorat<\/td>\n<td>Berliner Wasserbetriebe, Berlin, Germany<\/td>\n<\/tr>\n<tr>\n<td>Carpitella, Silvia<\/td>\n<td>Estudiant de Doctorat<\/td>\n<td>Institute of Information Theory and Automation, Czech Academy of Sciences,<br \/>\nPrague, Czech Republic<\/td>\n<\/tr>\n<tr>\n<td>Carre\u00f1o Alvarado, Elizabeth Pauline<\/td>\n<td>Estudiant de Doctorat<\/td>\n<td>University of Guanajuanto, Guanajuato, M\u00e9xico<\/td>\n<\/tr>\n<tr>\n<td>Colomer Rosell, Ernesto Alejandro<\/td>\n<td><\/td>\n<td><\/td>\n<\/tr>\n<tr>\n<td>de la Cruz Herr\u00e1n, Andrea<\/td>\n<td>Estudiant en pr\u00e0ctiques<\/td>\n<td>Universitat de Val\u00e8ncia<\/td>\n<\/tr>\n<tr>\n<td>Debbouche, Amar<\/td>\n<td>Professor Vistant<\/td>\n<td>Guelma University, Algeria<\/td>\n<\/tr>\n<tr>\n<td>Delgado Galv\u00e1n, Xitlali Virginia<\/td>\n<td>Estudiant de Doctorat<\/td>\n<td>Guanajuato University,<br \/>\nGuanajuato, Mexico<\/td>\n<\/tr>\n<tr>\n<td>Delgadillo Alem\u00e1n, Sandra Elizabeth<\/td>\n<td>Professor Vistant<\/td>\n<td>Universidad Aut\u00f3noma de Aguascalientes,<br \/>\nAguascalientes, Mexico<\/td>\n<\/tr>\n<tr>\n<td>Egorova, Vera<\/td>\n<td>Estudiant de Doctorat,<br \/>\nMarie Curie program<\/td>\n<td><\/td>\n<\/tr>\n<tr>\n<td>El-Fakharany, Mohamed<\/td>\n<td>Estudiant de Doctorat,<br \/>\nCairo University Scholarship<\/td>\n<td>Cairo University, Giza, Egypt<\/td>\n<\/tr>\n<tr>\n<td>Espert Ballester, V\u00edctor<\/td>\n<td><\/td>\n<td><\/td>\n<\/tr>\n<tr>\n<td>Franc\u00e9s Chust, Jorge<\/td>\n<td>Estudiant de Doctorat<\/td>\n<td><\/td>\n<\/tr>\n<tr>\n<td>Gim\u00e9nez Manglano, Mar\u00eda Isabel<\/td>\n<td>Professor<\/td>\n<td><\/td>\n<\/tr>\n<tr>\n<td>Gim\u00e9nez Valent\u00edn, Marcos Herminio<\/td>\n<td>Professor<\/td>\n<td>Centre de Tecnologies F\u00edsiques: Ac\u00fastica, Materials i Astrof\u00edsica, UPV<\/td>\n<\/tr>\n<tr>\n<td>G\u00f3mez Calvo, Celia<\/td>\n<td>Estudiant en pr\u00e0ctiques<\/td>\n<td>Universitat de Val\u00e8ncia<\/td>\n<\/tr>\n<tr>\n<td>Gonz\u00e1lez Parra, Gilberto<\/td>\n<td><\/td>\n<td>New Mexico Tech<\/td>\n<\/tr>\n<tr>\n<td>Guti\u00e9rrez P\u00e9rez, Joanna Alicia<\/td>\n<td>Estudiant de Doctorat<\/td>\n<td>University of Guanajuanto, Guanajuato, M\u00e9xico<\/td>\n<\/tr>\n<tr>\n<td>Herrera Fern\u00e1ndez, Antonio Manuel<\/td>\n<td>Professor Vistant<\/td>\n<td>Institute for Manufacturing,<br \/>\nUniversity of Cambridge, UK<\/td>\n<\/tr>\n<tr>\n<td>Ilaya Ayza, Amilkar Ernesto<\/td>\n<td>Estudiant de Doctorat<\/td>\n<td>National Faculty of Engineering,<br \/>\nTechnical University of Oruro, Bolivia<\/td>\n<\/tr>\n<tr>\n<td>Kopylov\u202c, Nikita<\/td>\n<td>Estudiant de Doctorat<br \/>\nSantiago Grisol\u00eda<\/td>\n<td>Norwegian University of Science and Technology, Trondheim, Norway<\/td>\n<\/tr>\n<tr>\n<td>Ku Carrillo, Roberto<\/td>\n<td>Professor Vistant<\/td>\n<td>Universidad Aut\u00f3noma de Aguascalientes,<br \/>\nAguascalientes, Mexico<\/td>\n<\/tr>\n<tr>\n<td>Hueso Pagoaga, Jos\u00e9 Luis<\/td>\n<td><\/td>\n<td><\/td>\n<\/tr>\n<tr>\n<td>Labrado Palomo, Miriam<\/td>\n<td>Investigadora<\/td>\n<td><\/td>\n<\/tr>\n<tr>\n<td>Leite, Maria C.A.<\/td>\n<td>Professor Vistant<\/td>\n<td>University of South Florida, Tampa, USA<\/td>\n<\/tr>\n<tr>\n<td>Mat\u00ednez Rodr\u00edguez, David<\/td>\n<td>Estudiant de Doctorat<\/td>\n<td><\/td>\n<\/tr>\n<tr>\n<td>Mat\u00ednez Rodr\u00edguez, Pablo<\/td>\n<td>Estudiant de Doctorat<\/td>\n<td><\/td>\n<\/tr>\n<tr>\n<td>Martins Alves, Carlos<\/td>\n<td>Estudiant de Doctorat<\/td>\n<td><\/td>\n<\/tr>\n<tr>\n<td>Masanet Sendra, Claudio<\/td>\n<td><\/td>\n<td><\/td>\n<\/tr>\n<tr>\n<td>Montalb\u00e1n Domingo, Mar\u00eda Laura<\/td>\n<td><\/td>\n<td><\/td>\n<\/tr>\n<tr>\n<td>Montalvo Arango, Idel<\/td>\n<td>Professor Visitant<\/td>\n<td>CEO of IngeniousWare GmbH, Karlsruhe, Germany<\/td>\n<\/tr>\n<tr>\n<td>Moscard\u00f3 Garcia, Ana<\/td>\n<td>Estudiant en Pr\u00e0ctiques<\/td>\n<td>Universitat de Val\u00e8ncia<\/td>\n<\/tr>\n<tr>\n<td>Navarrete L\u00f3pez, Claudia Fernanda<\/td>\n<td>Estudiant de Doctorat<\/td>\n<td>Universidad Santo Tom\u00e1s, Bogot\u00e1, Colombia<\/td>\n<\/tr>\n<tr>\n<td>Navarro Quiles, Ana<\/td>\n<td>Estudiant de Doctorat i Professor Visitant<\/td>\n<td>Universitat de Val\u00e8ncia<\/td>\n<\/tr>\n<tr>\n<td>Oca\u00f1a Levario, Silvia Janeth<\/td>\n<td>Estudiant de Doctorat<\/td>\n<td><\/td>\n<\/tr>\n<tr>\n<td>Oliver Cano, Mar\u00eda Laura<\/td>\n<td><\/td>\n<td><\/td>\n<\/tr>\n<tr>\n<td>P\u00e9rez Garc\u00eda, Rafael<\/td>\n<td>Professor<\/td>\n<td>Universitat Polit\u00e8cnica de Val\u00e8ncia<\/td>\n<\/tr>\n<tr>\n<td><\/td>\n<td><\/td>\n<td><\/td>\n<\/tr>\n<tr>\n<td>Pinto, Carla M. A.<\/td>\n<td>Professor Visitant<\/td>\n<td>Polytechnic of Porto<br \/>\nSchool of Engineering (ISEP)<br \/>\nPortugal<\/td>\n<\/tr>\n<tr>\n<td>Ponsoda Miralles, Enrique<\/td>\n<td>Professor<\/td>\n<td>Universitat Polit\u00e8cnica de Val\u00e8ncia<\/td>\n<\/tr>\n<tr>\n<td>Ramos Mart\u00ednez, Eva<\/td>\n<td>Estudiant de Doctorat\/td&gt;<\/td>\n<td><\/td>\n<\/tr>\n<tr>\n<td>Ribes Llario, Francesc<\/td>\n<td>Investigador\/td&gt;<\/td>\n<td>Universitat Polit\u00e8cnica de Val\u00e8ncia<\/td>\n<\/tr>\n<tr>\n<td>Rubio Donat, Laia<\/td>\n<td>Researcher<\/td>\n<td><\/td>\n<\/tr>\n<tr>\n<td>Ruiz Simarro, Luis<\/td>\n<td><\/td>\n<td><\/td>\n<\/tr>\n<tr>\n<td>Salinas Mar\u00edn, Isabel<\/td>\n<td>Professor<\/td>\n<td>Universitat Polit\u00e8cnica de Val\u00e8ncia<\/td>\n<\/tr>\n<tr>\n<td>San Juli\u00e1n Garc\u00e9s, Ra\u00fal<\/td>\n<td>Researcher<\/td>\n<td>Universitat Polit\u00e9cnica de Val\u00e9ncia<\/td>\n<\/tr>\n<tr>\n<td>S\u00e1nchez Rayo, Laura<\/td>\n<td><\/td>\n<td><\/td>\n<\/tr>\n<tr>\n<td>Soler Baisauri, Vicente<\/td>\n<td><\/td>\n<td><\/td>\n<\/tr>\n<tr>\n<td>Soleymani, Fazlollah<\/td>\n<td>Professor Visitant<br \/>\nPrograma Marie Curie<\/td>\n<td>Institute for Advanced Studies in Basic Sciences, Zanjan, Iran<\/td>\n<\/tr>\n<tr>\n<td>Sferle, Sorina Madalina<\/td>\n<td>Estudiant de Doctorat<\/td>\n<td><\/td>\n<\/tr>\n<tr>\n<td>Velarte Gonz\u00e1lez, Jos\u00e9 Luis<\/td>\n<td>Researcher<\/td>\n<td><\/td>\n<\/tr>\n<tr>\n<td>Villafuerte Altuzar, Laura<\/td>\n<td>Professor Visitant<\/td>\n<td>College of Natural Science,<br \/>\nUniversity of Texas at Austin, USA<\/td>\n<\/tr>\n<tr>\n<td>Verdoy Gonz\u00e1lez, Jos\u00e9 Antonio<\/td>\n<td>Professor<\/td>\n<td>Universitat Polit\u00e8cnica de Val\u00e8ncia<\/td>\n<\/tr>\n<tr>\n<td>Zornoza Arnao, Adri\u00e1n<\/td>\n<td>Researcher<\/td>\n<td><\/td>\n<\/tr>\n<\/tbody>\n<\/table>\n<\/div>\n\n\n\n<center>\n<p>&nbsp;<\/p>\n<h1><img decoding=\"async\" src=\"https:\/\/imm.webs.upv.es\/wp-content\/uploads\/2021\/01\/515258-PINM6I-498-1.png\" width=\"25\">&nbsp; &nbsp;Obituari&nbsp; &nbsp;<img decoding=\"async\" src=\"https:\/\/imm.webs.upv.es\/wp-content\/uploads\/2021\/01\/515258-PINM6I-498-1.png\" width=\"25\"><\/h1>\n<p>&nbsp;<\/p>\n<\/center>\n\n\n<head>\r\n\t<link rel='stylesheet' id='fontawesome-css' href='https:\/\/use.fontawesome.com\/releases\/v5.0.1\/css\/all.css?ver=4.9.1' type='text\/css' media='all' \/>\r\n\t<style>\r\n\r\n\t<\/style>\r\n<\/head>\r\n\r\n\r\n<details >\r\n  <summary>Obituario de Enrique Ponsoda Miralles<\/summary>\r\n\t<hr style=\"display: block; border-style: inset; border-width: 1px; border-color: LightGray;\">\r\n  <div align=\"justify\">\r\n\t\r\n\t  <p><strong>Enrique Ponsoda Miralles<\/strong> (1963-2019), miembro fundador del IMM y experto en an\u00e1lisis matricial, m\u00e9todos num\u00e9ricos para EDPs e integradores geom\u00e9tricos, colabor\u00f3 en el desarrollo de dicho instituto, aportando generosa y eficazmente sus conocimientos, sus capacidades y su trabajo en todos los proyectos en los que particip\u00f3, siendo siempre un ejemplo de entrega y dedicaci\u00f3n.<\/p>\n<p><img loading=\"lazy\" decoding=\"async\" class=\" wp-image-2425 aligncenter\" src=\"https:\/\/imm.webs.upv.es\/wp-content\/uploads\/2022\/06\/hola.png\" alt=\"\" width=\"158\" height=\"158\" \/><\/p>\n<p>Sus compa\u00f1eros m\u00e1s pr\u00f3ximos pudimos ser testigos de su excelente labor docente, su voluntad para asumir responsabilidades y su destreza, para coordinar, promover, dise\u00f1ar y mejorar los programas de las distintas asignaturas que impart\u00eda en la unidad docente de la Escuela de Caminos, siendo tambi\u00e9n su desempe\u00f1o ampliamente reconocido y admirado por sus alumnos a los que siempre trat\u00f3 cercanamente.<\/p>\n<p>Adem\u00e1s de su labor docente e investigadora, Enrique fue una persona con unos referentes morales s\u00f3lidos que nos transmiti\u00f3 su apoyo constante, su comprensi\u00f3n, su confianza y su amistad, valores por los que permanecer\u00e1 siempre en nuestro coraz\u00f3n.<\/p>\n\r\n\t\r\n\t<\/div>\r\n<\/details><head>\r\n\t<link rel='stylesheet' id='fontawesome-css' href='https:\/\/use.fontawesome.com\/releases\/v5.0.1\/css\/all.css?ver=4.9.1' type='text\/css' media='all' \/>\r\n\t<style>\r\n\r\n\t<\/style>\r\n<\/head>\r\n\r\n\r\n<details >\r\n  <summary>Obituario de Rafael P\u00e9rez Garc\u00eda<\/summary>\r\n\t<hr style=\"display: block; border-style: inset; border-width: 1px; border-color: LightGray;\">\r\n  <div align=\"justify\">\r\n\t\r\n\t  <p>Rafael P\u00e9rez Garc\u00eda, fallecido el 7 de octubre de 2016<\/p>\n<p><img loading=\"lazy\" decoding=\"async\" class=\"size-full wp-image-1674 aligncenter\" src=\"https:\/\/www.imm.upv.es\/wp-content\/uploads\/2021\/01\/rafa.jpg\" alt=\"\" width=\"200\" height=\"252\" \/><\/p>\n<p>La familia FluIng recordamos a Rafa como un \u2018ser humano fant\u00e1stico\u2019. En efecto, era un gran tipo, una persona buena. Era natural, sin sofisticaci\u00f3n. Con un gran sentido com\u00fan. En absoluto dogm\u00e1tico, aunque, por supuesto, defend\u00eda sus opiniones con convicci\u00f3n (sobre todo, porque la mayor parte de las veces eran tremendamente acertadas). Era inteligente, con esa inteligencia que le llevaba a percibir los problemas en su justa medida, a subrayar sus detalles realmente relevantes, y a saber encontrar el lado m\u00e1s positivo para enfrentarlos. Tambi\u00e9n era un tipo con una enorme actitud vital. Nunca hab\u00eda lados excesivamente negativos en las cosas. Adem\u00e1s, era un tipo feliz. Y es que no es posible comunicar buen rollo, optimismo y felicidad si no se es feliz por dentro.<\/p>\n<p>Rafa era, adem\u00e1s, un hombre de ciencia y un gran docente. Dentro del campo de la Hidr\u00e1ulica Urbana (Rafa era Ingeniero Hidr\u00e1ulico) trabajamos desde una perspectiva h\u00edbrida intensamente primero en modelos matem\u00e1ticos cl\u00e1sicos, ecuaciones diferenciales y algebraicas, m\u00e9todos de optimizaci\u00f3n cl\u00e1sicos, en suma en t\u00e9cnicas derivadas de la teor\u00eda (<i>theory-driven<\/i>), y luego en la ciencia dominada o dirigida por los datos (<i>data-driven<\/i>) en la que, con la participaci\u00f3n de gente excepcional en la tarea de realizaci\u00f3n de sus tesis doctorales y otros colaboradores, FluIng empez\u00f3 a producir los primeros trabajos en Hidr\u00e1ulica Urbana con redes neuronales, l\u00f3gica borrosa; algoritmos evolutivos y de inteligencia colectiva; t\u00e9cnicas de cl\u00fastering y miner\u00eda de datos, t\u00e9cnicas de an\u00e1lisis inteligente de datos; t\u00e9cnicas multi\u2010agente; t\u00e9cnicas con interacci\u00f3n humana, t\u00e9cnicas de decisi\u00f3n multi\u2010criterio para la consideraci\u00f3n de elementos intangibles; t\u00e9cnicas de aprendizaje autom\u00e1tico e interpretaci\u00f3n de resultados, en particular miner\u00eda de im\u00e1genes relacionadas con el GPR.<\/p>\n<p>Sin su actividad y buen hacer, el colectivo FluIng no habr\u00eda tenido el desarrollo del que actualmente se siente orgulloso. La inteligencia colectiva y el trabajo colaborativo, en casi ning\u00fan caso se entienden sin la presencia de referentes, como se llaman en una de las t\u00e9cnicas de inteligencia colectiva en que m\u00e1s hemos trabajado, de p\u00e1jaros l\u00edder, es decir, de espejos en los que todos puedan mirarse de vez en cuando para saber hacia d\u00f3nde dirigirse. Rafa fue siempre un excelente p\u00e1jaro l\u00edder para FluIng.<\/p>\n<p>Joaqu\u00edn Izquierdo<\/p>\n\r\n\t\r\n\t<\/div>\r\n<\/details>","protected":false},"excerpt":{"rendered":"<p>&nbsp; &nbsp; &nbsp;Obituari&nbsp; &nbsp; &nbsp; <a class=\"continue-reading-link\" href=\"https:\/\/imm.webs.upv.es\/ca\/former-members-and-visitors\/\">Show more<\/a><\/p>\n","protected":false},"author":4,"featured_media":0,"parent":0,"menu_order":0,"comment_status":"closed","ping_status":"closed","template":"","meta":{"ngg_post_thumbnail":0,"footnotes":""},"class_list":["post-1608","page","type-page","status-publish","hentry"],"translation":{"provider":"WPGlobus","version":"3.0.2","language":"ca","enabled_languages":["en","ca","es"],"languages":{"en":{"title":true,"content":true,"excerpt":false},"ca":{"title":true,"content":true,"excerpt":false},"es":{"title":true,"content":true,"excerpt":false}}},"yoast_head":"<!-- This site is optimized with the Yoast SEO plugin v27.4 - https:\/\/yoast.com\/product\/yoast-seo-wordpress\/ -->\n<title>Antics membres y visitants - I. U. de Matem\u00e0tica Multidisciplin\u00e0ria<\/title>\n<meta name=\"robots\" content=\"index, follow, max-snippet:-1, max-image-preview:large, max-video-preview:-1\" \/>\n<link rel=\"canonical\" href=\"https:\/\/imm.webs.upv.es\/former-members-and-visitors\/\" \/>\n<meta property=\"og:locale\" content=\"ca_ES\" \/>\n<meta property=\"og:type\" content=\"article\" \/>\n<meta property=\"og:title\" content=\"Antics membres y visitants - I. U. de Matem\u00e0tica Multidisciplin\u00e0ria\" \/>\n<meta property=\"og:url\" content=\"https:\/\/imm.webs.upv.es\/former-members-and-visitors\/\" \/>\n<meta property=\"og:site_name\" content=\"I. U. de Matem\u00e0tica Multidisciplin\u00e0ria\" \/>\n<meta property=\"article:modified_time\" content=\"2023-07-03T09:10:35+00:00\" \/>\n<meta property=\"og:image\" content=\"https:\/\/imm.webs.upv.es\/wp-content\/uploads\/2021\/01\/515258-PINM6I-498-1.png\" \/>\n<meta name=\"twitter:card\" content=\"summary_large_image\" \/>\n<meta name=\"twitter:label1\" content=\"Temps estimat de lectura\" \/>\n\t<meta name=\"twitter:data1\" content=\"3 minuts\" \/>\n<script type=\"application\/ld+json\" class=\"yoast-schema-graph\">{\"@context\":\"https:\\\/\\\/schema.org\",\"@graph\":[{\"@type\":\"WebPage\",\"@id\":\"https:\\\/\\\/imm.webs.upv.es\\\/former-members-and-visitors\\\/\",\"url\":\"https:\\\/\\\/imm.webs.upv.es\\\/former-members-and-visitors\\\/\",\"name\":\"Antics membres y visitants - I. U. de Matem\u00e0tica Multidisciplin\u00e0ria\",\"isPartOf\":{\"@id\":\"https:\\\/\\\/imm.webs.upv.es\\\/#website\"},\"primaryImageOfPage\":{\"@id\":\"https:\\\/\\\/imm.webs.upv.es\\\/former-members-and-visitors\\\/#primaryimage\"},\"image\":{\"@id\":\"https:\\\/\\\/imm.webs.upv.es\\\/former-members-and-visitors\\\/#primaryimage\"},\"thumbnailUrl\":\"https:\\\/\\\/imm.webs.upv.es\\\/wp-content\\\/uploads\\\/2021\\\/01\\\/515258-PINM6I-498-1.png\",\"datePublished\":\"2021-01-20T08:43:52+00:00\",\"dateModified\":\"2023-07-03T09:10:35+00:00\",\"breadcrumb\":{\"@id\":\"https:\\\/\\\/imm.webs.upv.es\\\/former-members-and-visitors\\\/#breadcrumb\"},\"inLanguage\":\"ca\",\"potentialAction\":[{\"@type\":\"ReadAction\",\"target\":[\"https:\\\/\\\/imm.webs.upv.es\\\/former-members-and-visitors\\\/\"]}]},{\"@type\":\"ImageObject\",\"inLanguage\":\"ca\",\"@id\":\"https:\\\/\\\/imm.webs.upv.es\\\/former-members-and-visitors\\\/#primaryimage\",\"url\":\"https:\\\/\\\/imm.webs.upv.es\\\/wp-content\\\/uploads\\\/2021\\\/01\\\/515258-PINM6I-498-1.png\",\"contentUrl\":\"https:\\\/\\\/imm.webs.upv.es\\\/wp-content\\\/uploads\\\/2021\\\/01\\\/515258-PINM6I-498-1.png\"},{\"@type\":\"BreadcrumbList\",\"@id\":\"https:\\\/\\\/imm.webs.upv.es\\\/former-members-and-visitors\\\/#breadcrumb\",\"itemListElement\":[{\"@type\":\"ListItem\",\"position\":1,\"name\":\"Home\",\"item\":\"https:\\\/\\\/imm.webs.upv.es\\\/\"},{\"@type\":\"ListItem\",\"position\":2,\"name\":\"Former members and visitors\"}]},{\"@type\":\"WebSite\",\"@id\":\"https:\\\/\\\/imm.webs.upv.es\\\/#website\",\"url\":\"https:\\\/\\\/imm.webs.upv.es\\\/\",\"name\":\"I. U. de Matem\u00e0tica Multidisciplin\u00e0ria\",\"description\":\"\",\"publisher\":{\"@id\":\"https:\\\/\\\/imm.webs.upv.es\\\/#organization\"},\"potentialAction\":[{\"@type\":\"SearchAction\",\"target\":{\"@type\":\"EntryPoint\",\"urlTemplate\":\"https:\\\/\\\/imm.webs.upv.es\\\/?s={search_term_string}\"},\"query-input\":{\"@type\":\"PropertyValueSpecification\",\"valueRequired\":true,\"valueName\":\"search_term_string\"}}],\"inLanguage\":\"ca\"},{\"@type\":\"Organization\",\"@id\":\"https:\\\/\\\/imm.webs.upv.es\\\/#organization\",\"name\":\"I. U. de Matem\u00e1tica Multidisciplinar\",\"url\":\"https:\\\/\\\/imm.webs.upv.es\\\/\",\"logo\":{\"@type\":\"ImageObject\",\"inLanguage\":\"ca\",\"@id\":\"https:\\\/\\\/imm.webs.upv.es\\\/#\\\/schema\\\/logo\\\/image\\\/\",\"url\":\"https:\\\/\\\/imm.webs.upv.es\\\/wp-content\\\/uploads\\\/2020\\\/11\\\/imm_blue-1.png\",\"contentUrl\":\"https:\\\/\\\/imm.webs.upv.es\\\/wp-content\\\/uploads\\\/2020\\\/11\\\/imm_blue-1.png\",\"width\":931,\"height\":498,\"caption\":\"I. U. de Matem\u00e1tica Multidisciplinar\"},\"image\":{\"@id\":\"https:\\\/\\\/imm.webs.upv.es\\\/#\\\/schema\\\/logo\\\/image\\\/\"}}]}<\/script>\n<!-- \/ Yoast SEO plugin. -->","yoast_head_json":{"title":"Antics membres y visitants - I. U. de Matem\u00e0tica Multidisciplin\u00e0ria","robots":{"index":"index","follow":"follow","max-snippet":"max-snippet:-1","max-image-preview":"max-image-preview:large","max-video-preview":"max-video-preview:-1"},"canonical":"https:\/\/imm.webs.upv.es\/former-members-and-visitors\/","og_locale":"ca_ES","og_type":"article","og_title":"Antics membres y visitants - I. U. de Matem\u00e0tica Multidisciplin\u00e0ria","og_url":"https:\/\/imm.webs.upv.es\/former-members-and-visitors\/","og_site_name":"I. U. de Matem\u00e0tica Multidisciplin\u00e0ria","article_modified_time":"2023-07-03T09:10:35+00:00","og_image":[{"url":"https:\/\/imm.webs.upv.es\/wp-content\/uploads\/2021\/01\/515258-PINM6I-498-1.png","type":"","width":"","height":""}],"twitter_card":"summary_large_image","twitter_misc":{"Temps estimat de lectura":"3 minuts"},"schema":{"@context":"https:\/\/schema.org","@graph":[{"@type":"WebPage","@id":"https:\/\/imm.webs.upv.es\/former-members-and-visitors\/","url":"https:\/\/imm.webs.upv.es\/former-members-and-visitors\/","name":"Antics membres y visitants - I. U. de Matem\u00e0tica Multidisciplin\u00e0ria","isPartOf":{"@id":"https:\/\/imm.webs.upv.es\/#website"},"primaryImageOfPage":{"@id":"https:\/\/imm.webs.upv.es\/former-members-and-visitors\/#primaryimage"},"image":{"@id":"https:\/\/imm.webs.upv.es\/former-members-and-visitors\/#primaryimage"},"thumbnailUrl":"https:\/\/imm.webs.upv.es\/wp-content\/uploads\/2021\/01\/515258-PINM6I-498-1.png","datePublished":"2021-01-20T08:43:52+00:00","dateModified":"2023-07-03T09:10:35+00:00","breadcrumb":{"@id":"https:\/\/imm.webs.upv.es\/former-members-and-visitors\/#breadcrumb"},"inLanguage":"ca","potentialAction":[{"@type":"ReadAction","target":["https:\/\/imm.webs.upv.es\/former-members-and-visitors\/"]}]},{"@type":"ImageObject","inLanguage":"ca","@id":"https:\/\/imm.webs.upv.es\/former-members-and-visitors\/#primaryimage","url":"https:\/\/imm.webs.upv.es\/wp-content\/uploads\/2021\/01\/515258-PINM6I-498-1.png","contentUrl":"https:\/\/imm.webs.upv.es\/wp-content\/uploads\/2021\/01\/515258-PINM6I-498-1.png"},{"@type":"BreadcrumbList","@id":"https:\/\/imm.webs.upv.es\/former-members-and-visitors\/#breadcrumb","itemListElement":[{"@type":"ListItem","position":1,"name":"Home","item":"https:\/\/imm.webs.upv.es\/"},{"@type":"ListItem","position":2,"name":"Former members and visitors"}]},{"@type":"WebSite","@id":"https:\/\/imm.webs.upv.es\/#website","url":"https:\/\/imm.webs.upv.es\/","name":"I. U. de Matem\u00e0tica Multidisciplin\u00e0ria","description":"","publisher":{"@id":"https:\/\/imm.webs.upv.es\/#organization"},"potentialAction":[{"@type":"SearchAction","target":{"@type":"EntryPoint","urlTemplate":"https:\/\/imm.webs.upv.es\/?s={search_term_string}"},"query-input":{"@type":"PropertyValueSpecification","valueRequired":true,"valueName":"search_term_string"}}],"inLanguage":"ca"},{"@type":"Organization","@id":"https:\/\/imm.webs.upv.es\/#organization","name":"I. U. de Matem\u00e1tica Multidisciplinar","url":"https:\/\/imm.webs.upv.es\/","logo":{"@type":"ImageObject","inLanguage":"ca","@id":"https:\/\/imm.webs.upv.es\/#\/schema\/logo\/image\/","url":"https:\/\/imm.webs.upv.es\/wp-content\/uploads\/2020\/11\/imm_blue-1.png","contentUrl":"https:\/\/imm.webs.upv.es\/wp-content\/uploads\/2020\/11\/imm_blue-1.png","width":931,"height":498,"caption":"I. U. de Matem\u00e1tica Multidisciplinar"},"image":{"@id":"https:\/\/imm.webs.upv.es\/#\/schema\/logo\/image\/"}}]}},"_links":{"self":[{"href":"https:\/\/imm.webs.upv.es\/ca\/wp-json\/wp\/v2\/pages\/1608","targetHints":{"allow":["GET"]}}],"collection":[{"href":"https:\/\/imm.webs.upv.es\/ca\/wp-json\/wp\/v2\/pages"}],"about":[{"href":"https:\/\/imm.webs.upv.es\/ca\/wp-json\/wp\/v2\/types\/page"}],"author":[{"embeddable":true,"href":"https:\/\/imm.webs.upv.es\/ca\/wp-json\/wp\/v2\/users\/4"}],"replies":[{"embeddable":true,"href":"https:\/\/imm.webs.upv.es\/ca\/wp-json\/wp\/v2\/comments?post=1608"}],"version-history":[{"count":47,"href":"https:\/\/imm.webs.upv.es\/ca\/wp-json\/wp\/v2\/pages\/1608\/revisions"}],"predecessor-version":[{"id":2928,"href":"https:\/\/imm.webs.upv.es\/ca\/wp-json\/wp\/v2\/pages\/1608\/revisions\/2928"}],"wp:attachment":[{"href":"https:\/\/imm.webs.upv.es\/ca\/wp-json\/wp\/v2\/media?parent=1608"}],"curies":[{"name":"wp","href":"https:\/\/api.w.org\/{rel}","templated":true}]}}