{"id":55,"date":"2018-11-22T09:59:20","date_gmt":"2018-11-22T09:59:20","guid":{"rendered":"http:\/\/localhost\/wordpress1\/?page_id=55"},"modified":"2025-01-07T12:33:46","modified_gmt":"2025-01-07T11:33:46","slug":"aboutus","status":"publish","type":"page","link":"https:\/\/imm.webs.upv.es\/ca\/aboutus\/","title":{"rendered":"Sobre nosaltres"},"content":{"rendered":"<p><center><img loading=\"lazy\" decoding=\"async\" style=\"font-size: revert; color: initial;\" src=\"https:\/\/imm.webs.upv.es\/wp-content\/uploads\/2018\/12\/edificio-panor.png\" alt=\"\" width=\"800\" height=\"200\" \/><\/p>\n<p><\/center><\/p>\n<p align=\"justify\">El nostre principal objectiu \u00e9s convertir-nos en un centre d&#8217;investigaci\u00f3 de refer\u00e8ncia en el desenvolupament i innovaci\u00f3 en Matem\u00e0tica Aplicada. Busquem promoure les interaccions amb l&#8217;entorn tecnol\u00f2gic i social anb concordan\u00e7a amb els prop\u00f2sits generals de la <a href=\"http:\/\/www.upv.es\/\" target=\"_blank\" rel=\"noopener\">Universitat Polit\u00e8cnica de Val\u00e8ncia<\/a>.<\/p>\n<p>Els nostres prop\u00f2sits s\u00f3n:<br \/>\n<div class=\"su-list\" style=\"margin-left:0px\">\n<ul>\n<li><i class=\"sui sui-cube\" style=\"color:#333333\"><\/i> Promoure la coordinaci\u00f3 de projectes R+D+i nacionals i internacionals.<\/li>\n<li><i class=\"sui sui-cube\" style=\"color:#333333\"><\/i> Recolzar el desenvolupament de projectes multidisciplinaris en enginyeria, medicina, economia&#8230;<\/li>\n<li><i class=\"sui sui-cube\" style=\"color:#333333\"><\/i> Implementar programes d&#8217;estances predoctorals, postdoctorals i investigadors visitants.<\/li>\n<li><i class=\"sui sui-cube\" style=\"color:#333333\"><\/i> \n<p align=\"justify\">Organitzar una <a href=\"https:\/\/imm.webs.upv.es\/jornadas\/2021\/home.html\">confer\u00e8ncia anual<\/a> i esdeveniments al camp del Modelat Matem\u00e0tic Interdisciplinari.<\/p>\n<\/li>\n<\/ul>\n<\/div>\n<p>Som membres de <a href=\"http:\/\/www.redium.es\/\" target=\"_blank\" rel=\"noopener\">RedIUM<\/a> la Xarxa d&#8217;Instituts Universitaris d&#8217;Investigaci\u00f3 en Matem\u00e0tiques de l&#8217;Estat Espanyol.<\/p>\n","protected":false},"excerpt":{"rendered":"<p>El nostre principal objectiu \u00e9s convertir-nos en un centre d&#8217;investigaci\u00f3 de refer\u00e8ncia en el desenvolupament i innovaci\u00f3 en Matem\u00e0tica Aplicada. Busquem promoure les interaccions amb l&#8217;entorn tecnol\u00f2gic i social anb concordan\u00e7a amb els prop\u00f2sits generals de la Universitat Polit\u00e8cnica de Val\u00e8ncia. Els nostres prop\u00f2sits s\u00f3n: Som membres de RedIUM la&#8230; <a class=\"continue-reading-link\" href=\"https:\/\/imm.webs.upv.es\/ca\/aboutus\/\">Show more<\/a><\/p>\n","protected":false},"author":4,"featured_media":0,"parent":0,"menu_order":0,"comment_status":"closed","ping_status":"closed","template":"","meta":{"ngg_post_thumbnail":0,"footnotes":""},"class_list":["post-55","page","type-page","status-publish","hentry"],"translation":{"provider":"WPGlobus","version":"3.0.2","language":"ca","enabled_languages":["en","ca","es"],"languages":{"en":{"title":true,"content":true,"excerpt":false},"ca":{"title":true,"content":true,"excerpt":false},"es":{"title":true,"content":true,"excerpt":false}}},"yoast_head":"<!-- This site is optimized with the Yoast SEO plugin v27.4 - https:\/\/yoast.com\/product\/yoast-seo-wordpress\/ -->\n<title>Sobre nosaltres - I. U. de Matem\u00e0tica Multidisciplin\u00e0ria<\/title>\n<meta name=\"robots\" content=\"index, follow, max-snippet:-1, max-image-preview:large, max-video-preview:-1\" \/>\n<link rel=\"canonical\" href=\"https:\/\/imm.webs.upv.es\/aboutus\/\" \/>\n<meta property=\"og:locale\" content=\"ca_ES\" \/>\n<meta property=\"og:type\" content=\"article\" \/>\n<meta property=\"og:title\" content=\"Sobre nosaltres - I. U. de Matem\u00e0tica Multidisciplin\u00e0ria\" \/>\n<meta property=\"og:url\" content=\"https:\/\/imm.webs.upv.es\/aboutus\/\" \/>\n<meta property=\"og:site_name\" content=\"I. U. de Matem\u00e0tica Multidisciplin\u00e0ria\" \/>\n<meta property=\"article:modified_time\" content=\"2025-01-07T11:33:46+00:00\" \/>\n<meta property=\"og:image\" content=\"https:\/\/imm.webs.upv.es\/wp-content\/uploads\/2018\/12\/edificio-panor.png\" \/>\n<meta name=\"twitter:card\" content=\"summary_large_image\" \/>\n<meta name=\"twitter:label1\" content=\"Temps estimat de lectura\" \/>\n\t<meta name=\"twitter:data1\" content=\"3 minuts\" \/>\n<script type=\"application\/ld+json\" class=\"yoast-schema-graph\">{\"@context\":\"https:\\\/\\\/schema.org\",\"@graph\":[{\"@type\":\"WebPage\",\"@id\":\"https:\\\/\\\/imm.webs.upv.es\\\/aboutus\\\/\",\"url\":\"https:\\\/\\\/imm.webs.upv.es\\\/aboutus\\\/\",\"name\":\"Sobre nosaltres - I. U. de Matem\u00e0tica Multidisciplin\u00e0ria\",\"isPartOf\":{\"@id\":\"https:\\\/\\\/imm.webs.upv.es\\\/#website\"},\"primaryImageOfPage\":{\"@id\":\"https:\\\/\\\/imm.webs.upv.es\\\/aboutus\\\/#primaryimage\"},\"image\":{\"@id\":\"https:\\\/\\\/imm.webs.upv.es\\\/aboutus\\\/#primaryimage\"},\"thumbnailUrl\":\"https:\\\/\\\/imm.webs.upv.es\\\/wp-content\\\/uploads\\\/2018\\\/12\\\/edificio-panor.png\",\"datePublished\":\"2018-11-22T09:59:20+00:00\",\"dateModified\":\"2025-01-07T11:33:46+00:00\",\"breadcrumb\":{\"@id\":\"https:\\\/\\\/imm.webs.upv.es\\\/aboutus\\\/#breadcrumb\"},\"inLanguage\":\"ca\",\"potentialAction\":[{\"@type\":\"ReadAction\",\"target\":[\"https:\\\/\\\/imm.webs.upv.es\\\/aboutus\\\/\"]}]},{\"@type\":\"ImageObject\",\"inLanguage\":\"ca\",\"@id\":\"https:\\\/\\\/imm.webs.upv.es\\\/aboutus\\\/#primaryimage\",\"url\":\"https:\\\/\\\/imm.webs.upv.es\\\/wp-content\\\/uploads\\\/2018\\\/12\\\/edificio-panor.png\",\"contentUrl\":\"https:\\\/\\\/imm.webs.upv.es\\\/wp-content\\\/uploads\\\/2018\\\/12\\\/edificio-panor.png\"},{\"@type\":\"BreadcrumbList\",\"@id\":\"https:\\\/\\\/imm.webs.upv.es\\\/aboutus\\\/#breadcrumb\",\"itemListElement\":[{\"@type\":\"ListItem\",\"position\":1,\"name\":\"Home\",\"item\":\"https:\\\/\\\/imm.webs.upv.es\\\/\"},{\"@type\":\"ListItem\",\"position\":2,\"name\":\"About us\"}]},{\"@type\":\"WebSite\",\"@id\":\"https:\\\/\\\/imm.webs.upv.es\\\/#website\",\"url\":\"https:\\\/\\\/imm.webs.upv.es\\\/\",\"name\":\"I. U. de Matem\u00e0tica Multidisciplin\u00e0ria\",\"description\":\"\",\"publisher\":{\"@id\":\"https:\\\/\\\/imm.webs.upv.es\\\/#organization\"},\"potentialAction\":[{\"@type\":\"SearchAction\",\"target\":{\"@type\":\"EntryPoint\",\"urlTemplate\":\"https:\\\/\\\/imm.webs.upv.es\\\/?s={search_term_string}\"},\"query-input\":{\"@type\":\"PropertyValueSpecification\",\"valueRequired\":true,\"valueName\":\"search_term_string\"}}],\"inLanguage\":\"ca\"},{\"@type\":\"Organization\",\"@id\":\"https:\\\/\\\/imm.webs.upv.es\\\/#organization\",\"name\":\"I. U. de Matem\u00e1tica Multidisciplinar\",\"url\":\"https:\\\/\\\/imm.webs.upv.es\\\/\",\"logo\":{\"@type\":\"ImageObject\",\"inLanguage\":\"ca\",\"@id\":\"https:\\\/\\\/imm.webs.upv.es\\\/#\\\/schema\\\/logo\\\/image\\\/\",\"url\":\"https:\\\/\\\/imm.webs.upv.es\\\/wp-content\\\/uploads\\\/2020\\\/11\\\/imm_blue-1.png\",\"contentUrl\":\"https:\\\/\\\/imm.webs.upv.es\\\/wp-content\\\/uploads\\\/2020\\\/11\\\/imm_blue-1.png\",\"width\":931,\"height\":498,\"caption\":\"I. U. de Matem\u00e1tica Multidisciplinar\"},\"image\":{\"@id\":\"https:\\\/\\\/imm.webs.upv.es\\\/#\\\/schema\\\/logo\\\/image\\\/\"}}]}<\/script>\n<!-- \/ Yoast SEO plugin. -->","yoast_head_json":{"title":"Sobre nosaltres - I. U. de Matem\u00e0tica Multidisciplin\u00e0ria","robots":{"index":"index","follow":"follow","max-snippet":"max-snippet:-1","max-image-preview":"max-image-preview:large","max-video-preview":"max-video-preview:-1"},"canonical":"https:\/\/imm.webs.upv.es\/aboutus\/","og_locale":"ca_ES","og_type":"article","og_title":"Sobre nosaltres - I. U. de Matem\u00e0tica Multidisciplin\u00e0ria","og_url":"https:\/\/imm.webs.upv.es\/aboutus\/","og_site_name":"I. U. de Matem\u00e0tica Multidisciplin\u00e0ria","article_modified_time":"2025-01-07T11:33:46+00:00","og_image":[{"url":"https:\/\/imm.webs.upv.es\/wp-content\/uploads\/2018\/12\/edificio-panor.png","type":"","width":"","height":""}],"twitter_card":"summary_large_image","twitter_misc":{"Temps estimat de lectura":"3 minuts"},"schema":{"@context":"https:\/\/schema.org","@graph":[{"@type":"WebPage","@id":"https:\/\/imm.webs.upv.es\/aboutus\/","url":"https:\/\/imm.webs.upv.es\/aboutus\/","name":"Sobre nosaltres - I. U. de Matem\u00e0tica Multidisciplin\u00e0ria","isPartOf":{"@id":"https:\/\/imm.webs.upv.es\/#website"},"primaryImageOfPage":{"@id":"https:\/\/imm.webs.upv.es\/aboutus\/#primaryimage"},"image":{"@id":"https:\/\/imm.webs.upv.es\/aboutus\/#primaryimage"},"thumbnailUrl":"https:\/\/imm.webs.upv.es\/wp-content\/uploads\/2018\/12\/edificio-panor.png","datePublished":"2018-11-22T09:59:20+00:00","dateModified":"2025-01-07T11:33:46+00:00","breadcrumb":{"@id":"https:\/\/imm.webs.upv.es\/aboutus\/#breadcrumb"},"inLanguage":"ca","potentialAction":[{"@type":"ReadAction","target":["https:\/\/imm.webs.upv.es\/aboutus\/"]}]},{"@type":"ImageObject","inLanguage":"ca","@id":"https:\/\/imm.webs.upv.es\/aboutus\/#primaryimage","url":"https:\/\/imm.webs.upv.es\/wp-content\/uploads\/2018\/12\/edificio-panor.png","contentUrl":"https:\/\/imm.webs.upv.es\/wp-content\/uploads\/2018\/12\/edificio-panor.png"},{"@type":"BreadcrumbList","@id":"https:\/\/imm.webs.upv.es\/aboutus\/#breadcrumb","itemListElement":[{"@type":"ListItem","position":1,"name":"Home","item":"https:\/\/imm.webs.upv.es\/"},{"@type":"ListItem","position":2,"name":"About us"}]},{"@type":"WebSite","@id":"https:\/\/imm.webs.upv.es\/#website","url":"https:\/\/imm.webs.upv.es\/","name":"I. U. de Matem\u00e0tica Multidisciplin\u00e0ria","description":"","publisher":{"@id":"https:\/\/imm.webs.upv.es\/#organization"},"potentialAction":[{"@type":"SearchAction","target":{"@type":"EntryPoint","urlTemplate":"https:\/\/imm.webs.upv.es\/?s={search_term_string}"},"query-input":{"@type":"PropertyValueSpecification","valueRequired":true,"valueName":"search_term_string"}}],"inLanguage":"ca"},{"@type":"Organization","@id":"https:\/\/imm.webs.upv.es\/#organization","name":"I. U. de Matem\u00e1tica Multidisciplinar","url":"https:\/\/imm.webs.upv.es\/","logo":{"@type":"ImageObject","inLanguage":"ca","@id":"https:\/\/imm.webs.upv.es\/#\/schema\/logo\/image\/","url":"https:\/\/imm.webs.upv.es\/wp-content\/uploads\/2020\/11\/imm_blue-1.png","contentUrl":"https:\/\/imm.webs.upv.es\/wp-content\/uploads\/2020\/11\/imm_blue-1.png","width":931,"height":498,"caption":"I. U. de Matem\u00e1tica Multidisciplinar"},"image":{"@id":"https:\/\/imm.webs.upv.es\/#\/schema\/logo\/image\/"}}]}},"_links":{"self":[{"href":"https:\/\/imm.webs.upv.es\/ca\/wp-json\/wp\/v2\/pages\/55","targetHints":{"allow":["GET"]}}],"collection":[{"href":"https:\/\/imm.webs.upv.es\/ca\/wp-json\/wp\/v2\/pages"}],"about":[{"href":"https:\/\/imm.webs.upv.es\/ca\/wp-json\/wp\/v2\/types\/page"}],"author":[{"embeddable":true,"href":"https:\/\/imm.webs.upv.es\/ca\/wp-json\/wp\/v2\/users\/4"}],"replies":[{"embeddable":true,"href":"https:\/\/imm.webs.upv.es\/ca\/wp-json\/wp\/v2\/comments?post=55"}],"version-history":[{"count":34,"href":"https:\/\/imm.webs.upv.es\/ca\/wp-json\/wp\/v2\/pages\/55\/revisions"}],"predecessor-version":[{"id":2576,"href":"https:\/\/imm.webs.upv.es\/ca\/wp-json\/wp\/v2\/pages\/55\/revisions\/2576"}],"wp:attachment":[{"href":"https:\/\/imm.webs.upv.es\/ca\/wp-json\/wp\/v2\/media?parent=55"}],"curies":[{"name":"wp","href":"https:\/\/api.w.org\/{rel}","templated":true}]}}