{"id":115,"date":"2018-11-23T08:34:13","date_gmt":"2018-11-23T08:34:13","guid":{"rendered":"http:\/\/localhost\/wordpress1\/?page_id=115"},"modified":"2023-01-09T14:17:44","modified_gmt":"2023-01-09T13:17:44","slug":"services","status":"publish","type":"page","link":"https:\/\/imm.webs.upv.es\/es\/services\/","title":{"rendered":"Servicios"},"content":{"rendered":"<p><center><\/p>\n<p><\/center><\/p>\n<details open=\"\">\n<summary>Servicios del IMM<\/summary>\n<hr style=\"display: block; border: 1px inset LightGray;\" \/>\n<ul>\n<li>Modelizaci\u00f3n aleatoria y estoc\u00e1stica.<\/li>\n<li>Problemas de evoluci\u00f3n social.<\/li>\n<li>Estado y evoluci\u00f3n de los costes en la log\u00edstica y los procesos industriales.<\/li>\n<li>Aplicaci\u00f3n de la inteligencia artificial a t\u00e9cnicas ya desarrolladas.<\/li>\n<li>Predicci\u00f3n de tendencias y eventos en series de datos.<\/li>\n<li>An\u00e1lisis de riesgo financiero.<\/li>\n<li>Estudios de viabilidad en la implantaci\u00f3n de procesos.<\/li>\n<li>Modelizaci\u00f3n con incertidumbre.<\/li>\n<li>Fiabilidad industrial.<\/li>\n<\/ul>\n<\/details>\n<details open=\"\">\n<summary>FluIng Group<\/summary>\n<hr style=\"display: block; margin: 0.5em auto 0.5em auto; border: 1px inset LightGray;\" \/>\n<ul>\n<li>Software para el dise\u00f1o de sistemas de distribuci\u00f3n de agua, redes de agua con ramificaciones&#8230;<\/li>\n<li>Cursos de dise\u00f1o y an\u00e1lisis de redes de distribuci\u00f3n de agua.<\/li>\n<\/ul>\n<p>Para m\u00e1s informaci\u00f3n, visite la <a href=\"https:\/\/fluing.upv.es\/\" target=\"_blank\" rel=\"noopener\">p\u00e1gina web<\/a> del grup FluIng.<\/p>\n<\/details>\n","protected":false},"excerpt":{"rendered":"<p>Servicios del IMM Modelizaci\u00f3n aleatoria y estoc\u00e1stica. Problemas de evoluci\u00f3n social. Estado y evoluci\u00f3n de los costes en la log\u00edstica y los procesos industriales. Aplicaci\u00f3n de la inteligencia artificial a t\u00e9cnicas ya desarrolladas. Predicci\u00f3n de tendencias y eventos en series de datos. An\u00e1lisis de riesgo financiero. Estudios de viabilidad en&#8230; <a class=\"continue-reading-link\" href=\"https:\/\/imm.webs.upv.es\/es\/services\/\">Show more<\/a><\/p>\n","protected":false},"author":4,"featured_media":0,"parent":0,"menu_order":2,"comment_status":"closed","ping_status":"closed","template":"","meta":{"ngg_post_thumbnail":0,"footnotes":""},"class_list":["post-115","page","type-page","status-publish","hentry"],"translation":{"provider":"WPGlobus","version":"3.0.2","language":"es","enabled_languages":["en","ca","es"],"languages":{"en":{"title":true,"content":true,"excerpt":false},"ca":{"title":true,"content":true,"excerpt":false},"es":{"title":true,"content":true,"excerpt":false}}},"yoast_head":"<!-- This site is optimized with the Yoast SEO plugin v27.3 - https:\/\/yoast.com\/product\/yoast-seo-wordpress\/ -->\n<title>Servicios - I. U. de Matem\u00e1tica Multidisciplinar<\/title>\n<meta name=\"robots\" content=\"index, follow, max-snippet:-1, max-image-preview:large, max-video-preview:-1\" \/>\n<link rel=\"canonical\" href=\"https:\/\/imm.webs.upv.es\/services\/\" \/>\n<meta property=\"og:locale\" content=\"es_ES\" \/>\n<meta property=\"og:type\" content=\"article\" \/>\n<meta property=\"og:title\" content=\"Servicios - I. U. de Matem\u00e1tica Multidisciplinar\" \/>\n<meta property=\"og:url\" content=\"https:\/\/imm.webs.upv.es\/services\/\" \/>\n<meta property=\"og:site_name\" content=\"I. U. de Matem\u00e1tica Multidisciplinar\" \/>\n<meta property=\"article:modified_time\" content=\"2023-01-09T13:17:44+00:00\" \/>\n<meta name=\"twitter:card\" content=\"summary_large_image\" \/>\n<meta name=\"twitter:label1\" content=\"Tiempo de lectura\" \/>\n\t<meta name=\"twitter:data1\" content=\"1 minuto\" \/>\n<script type=\"application\/ld+json\" class=\"yoast-schema-graph\">{\"@context\":\"https:\\\/\\\/schema.org\",\"@graph\":[{\"@type\":\"WebPage\",\"@id\":\"https:\\\/\\\/imm.webs.upv.es\\\/services\\\/\",\"url\":\"https:\\\/\\\/imm.webs.upv.es\\\/services\\\/\",\"name\":\"Servicios - I. U. de Matem\u00e1tica Multidisciplinar\",\"isPartOf\":{\"@id\":\"https:\\\/\\\/imm.webs.upv.es\\\/#website\"},\"datePublished\":\"2018-11-23T08:34:13+00:00\",\"dateModified\":\"2023-01-09T13:17:44+00:00\",\"breadcrumb\":{\"@id\":\"https:\\\/\\\/imm.webs.upv.es\\\/services\\\/#breadcrumb\"},\"inLanguage\":\"es\",\"potentialAction\":[{\"@type\":\"ReadAction\",\"target\":[\"https:\\\/\\\/imm.webs.upv.es\\\/services\\\/\"]}]},{\"@type\":\"BreadcrumbList\",\"@id\":\"https:\\\/\\\/imm.webs.upv.es\\\/services\\\/#breadcrumb\",\"itemListElement\":[{\"@type\":\"ListItem\",\"position\":1,\"name\":\"Home\",\"item\":\"https:\\\/\\\/imm.webs.upv.es\\\/\"},{\"@type\":\"ListItem\",\"position\":2,\"name\":\"Services\"}]},{\"@type\":\"WebSite\",\"@id\":\"https:\\\/\\\/imm.webs.upv.es\\\/#website\",\"url\":\"https:\\\/\\\/imm.webs.upv.es\\\/\",\"name\":\"I. U. de Matem\u00e1tica Multidisciplinar\",\"description\":\"\",\"publisher\":{\"@id\":\"https:\\\/\\\/imm.webs.upv.es\\\/#organization\"},\"potentialAction\":[{\"@type\":\"SearchAction\",\"target\":{\"@type\":\"EntryPoint\",\"urlTemplate\":\"https:\\\/\\\/imm.webs.upv.es\\\/?s={search_term_string}\"},\"query-input\":{\"@type\":\"PropertyValueSpecification\",\"valueRequired\":true,\"valueName\":\"search_term_string\"}}],\"inLanguage\":\"es\"},{\"@type\":\"Organization\",\"@id\":\"https:\\\/\\\/imm.webs.upv.es\\\/#organization\",\"name\":\"I. U. de Matem\u00e1tica Multidisciplinar\",\"url\":\"https:\\\/\\\/imm.webs.upv.es\\\/\",\"logo\":{\"@type\":\"ImageObject\",\"inLanguage\":\"es\",\"@id\":\"https:\\\/\\\/imm.webs.upv.es\\\/#\\\/schema\\\/logo\\\/image\\\/\",\"url\":\"https:\\\/\\\/imm.webs.upv.es\\\/wp-content\\\/uploads\\\/2020\\\/11\\\/imm_blue-1.png\",\"contentUrl\":\"https:\\\/\\\/imm.webs.upv.es\\\/wp-content\\\/uploads\\\/2020\\\/11\\\/imm_blue-1.png\",\"width\":931,\"height\":498,\"caption\":\"I. U. de Matem\u00e1tica Multidisciplinar\"},\"image\":{\"@id\":\"https:\\\/\\\/imm.webs.upv.es\\\/#\\\/schema\\\/logo\\\/image\\\/\"}}]}<\/script>\n<!-- \/ Yoast SEO plugin. -->","yoast_head_json":{"title":"Servicios - I. U. de Matem\u00e1tica Multidisciplinar","robots":{"index":"index","follow":"follow","max-snippet":"max-snippet:-1","max-image-preview":"max-image-preview:large","max-video-preview":"max-video-preview:-1"},"canonical":"https:\/\/imm.webs.upv.es\/services\/","og_locale":"es_ES","og_type":"article","og_title":"Servicios - I. U. de Matem\u00e1tica Multidisciplinar","og_url":"https:\/\/imm.webs.upv.es\/services\/","og_site_name":"I. U. de Matem\u00e1tica Multidisciplinar","article_modified_time":"2023-01-09T13:17:44+00:00","twitter_card":"summary_large_image","twitter_misc":{"Tiempo de lectura":"1 minuto"},"schema":{"@context":"https:\/\/schema.org","@graph":[{"@type":"WebPage","@id":"https:\/\/imm.webs.upv.es\/services\/","url":"https:\/\/imm.webs.upv.es\/services\/","name":"Servicios - I. U. de Matem\u00e1tica Multidisciplinar","isPartOf":{"@id":"https:\/\/imm.webs.upv.es\/#website"},"datePublished":"2018-11-23T08:34:13+00:00","dateModified":"2023-01-09T13:17:44+00:00","breadcrumb":{"@id":"https:\/\/imm.webs.upv.es\/services\/#breadcrumb"},"inLanguage":"es","potentialAction":[{"@type":"ReadAction","target":["https:\/\/imm.webs.upv.es\/services\/"]}]},{"@type":"BreadcrumbList","@id":"https:\/\/imm.webs.upv.es\/services\/#breadcrumb","itemListElement":[{"@type":"ListItem","position":1,"name":"Home","item":"https:\/\/imm.webs.upv.es\/"},{"@type":"ListItem","position":2,"name":"Services"}]},{"@type":"WebSite","@id":"https:\/\/imm.webs.upv.es\/#website","url":"https:\/\/imm.webs.upv.es\/","name":"I. U. de Matem\u00e1tica Multidisciplinar","description":"","publisher":{"@id":"https:\/\/imm.webs.upv.es\/#organization"},"potentialAction":[{"@type":"SearchAction","target":{"@type":"EntryPoint","urlTemplate":"https:\/\/imm.webs.upv.es\/?s={search_term_string}"},"query-input":{"@type":"PropertyValueSpecification","valueRequired":true,"valueName":"search_term_string"}}],"inLanguage":"es"},{"@type":"Organization","@id":"https:\/\/imm.webs.upv.es\/#organization","name":"I. U. de Matem\u00e1tica Multidisciplinar","url":"https:\/\/imm.webs.upv.es\/","logo":{"@type":"ImageObject","inLanguage":"es","@id":"https:\/\/imm.webs.upv.es\/#\/schema\/logo\/image\/","url":"https:\/\/imm.webs.upv.es\/wp-content\/uploads\/2020\/11\/imm_blue-1.png","contentUrl":"https:\/\/imm.webs.upv.es\/wp-content\/uploads\/2020\/11\/imm_blue-1.png","width":931,"height":498,"caption":"I. U. de Matem\u00e1tica Multidisciplinar"},"image":{"@id":"https:\/\/imm.webs.upv.es\/#\/schema\/logo\/image\/"}}]}},"_links":{"self":[{"href":"https:\/\/imm.webs.upv.es\/es\/wp-json\/wp\/v2\/pages\/115","targetHints":{"allow":["GET"]}}],"collection":[{"href":"https:\/\/imm.webs.upv.es\/es\/wp-json\/wp\/v2\/pages"}],"about":[{"href":"https:\/\/imm.webs.upv.es\/es\/wp-json\/wp\/v2\/types\/page"}],"author":[{"embeddable":true,"href":"https:\/\/imm.webs.upv.es\/es\/wp-json\/wp\/v2\/users\/4"}],"replies":[{"embeddable":true,"href":"https:\/\/imm.webs.upv.es\/es\/wp-json\/wp\/v2\/comments?post=115"}],"version-history":[{"count":36,"href":"https:\/\/imm.webs.upv.es\/es\/wp-json\/wp\/v2\/pages\/115\/revisions"}],"predecessor-version":[{"id":2573,"href":"https:\/\/imm.webs.upv.es\/es\/wp-json\/wp\/v2\/pages\/115\/revisions\/2573"}],"wp:attachment":[{"href":"https:\/\/imm.webs.upv.es\/es\/wp-json\/wp\/v2\/media?parent=115"}],"curies":[{"name":"wp","href":"https:\/\/api.w.org\/{rel}","templated":true}]}}