{"id":119,"date":"2018-11-23T08:36:51","date_gmt":"2018-11-23T08:36:51","guid":{"rendered":"http:\/\/localhost\/wordpress1\/?page_id=119"},"modified":"2026-03-12T09:47:55","modified_gmt":"2026-03-12T08:47:55","slug":"conferences","status":"publish","type":"page","link":"https:\/\/imm.webs.upv.es\/es\/conferences\/","title":{"rendered":"Conferencias y publicaciones"},"content":{"rendered":"\n<p>Anualmente, el IMM organiza un congreso sobre Modelado Matem\u00e1tico aplicado a diferentes \u00e1reas como la Medicina, la Ingenier\u00eda, la Sociolog\u00eda o la Matem\u00e1tica Aplicada. Este congreso se llama <em>Mathematical Modelling in Engineering and Human Behaviour<\/em> (MME&amp;HB)<\/p>\n\n\n\n<p>A continuaci\u00f3n se detallan todos los congresos desde 2009.<\/p>\n\n\n\n<details open=\"\">\n<summary>Congreso 2026<\/summary>\n<hr style=\"display: block; border: 1px inset LightGray;\">\n<div align=\"justify\"><a href=\"https:\/\/www.imm.upv.es\/jornadas\/2026\/home.html\" target=\"_blank\" rel=\"noopener\">Mathematical Modelling in Engineering &amp; Human Behaviour 2026.<\/a><\/div>\n<div align=\"justify\">&nbsp;<\/div>\n<\/details>\n\n\n\n<details>\n<summary>Congresos 2009-2025<\/summary>\n<hr style=\"display: block; border: 1px inset LightGray;\">\n<div align=\"justify\"><a href=\"https:\/\/www.imm.upv.es\/jornadas\/2025\/home.html\" target=\"_blank\" rel=\"noopener\">Mathematical Modelling in Engineering &amp; Human Behaviour 2025.<\/a><\/div>\n<div align=\"justify\"><a href=\"https:\/\/www.imm.upv.es\/jornadas\/2024\/home.html\" target=\"_blank\" rel=\"noopener\">Mathematical Modelling in Engineering &amp; Human Behaviour 2024.<\/a><\/div>\n<div align=\"justify\"><a href=\"https:\/\/www.imm.upv.es\/jornadas\/2023\/home.html\" target=\"_blank\" rel=\"noopener\">Mathematical Modelling in Engineering &amp; Human Behaviour 2023.<\/a><\/div>\n<div align=\"justify\"><a href=\"https:\/\/www.imm.upv.es\/jornadas\/2022\/home.html\" target=\"_blank\" rel=\"noopener\">Mathematical Modelling in Engineering &amp; Human Behaviour 2022.<\/a><\/div>\n<div align=\"justify\"><a href=\"https:\/\/www.imm.upv.es\/jornadas\/2021\/home.html\" target=\"_blank\" rel=\"noopener\">Mathematical Modelling in Engineering &amp; Human Behaviour 2021.<\/a><\/div>\n<div align=\"justify\"><a href=\"https:\/\/www.imm.upv.es\/jornadas\/2020\/home.html\" target=\"_blank\" rel=\"noopener\">Mathematical Modelling in Engineering &amp; Human Behaviour 2020.<\/a><br><a href=\"https:\/\/imm.webs.upv.es\/jornadas\/2019\/home.html\" target=\"_blank\" rel=\"noopener\">Mathematical Modelling in Engineering &amp; Human Behaviour 2019.<\/a><br><a href=\"https:\/\/www.imm.upv.es\/jornadas\/2018\/index.html\" target=\"_blank\" rel=\"noopener\">Mathematical Modelling in Engineering &amp; Human Behaviour 2018.<\/a><br><a href=\"https:\/\/www.imm.upv.es\/jornadas\/2017\/index.html\" target=\"_blank\" rel=\"noopener\">Mathematical Modelling in Engineering &amp; Human Behaviour 2017.<\/a><br><a href=\"https:\/\/www.imm.upv.es\/jornadas\/2016\/index.html\" target=\"_blank\" rel=\"noopener\">Mathematical Modelling in Engineering &amp; Human Behaviour 2016.<\/a><br><a href=\"https:\/\/www.imm.upv.es\/jornadas\/2015\/index.html\" target=\"_blank\" rel=\"noopener\">Mathematical Modelling in Engineering &amp; Human Behaviour 2015.<\/a><br><a href=\"https:\/\/www.imm.upv.es\/jornadas\/2014\/index.html\" target=\"_blank\" rel=\"noopener\">Mathematical Modelling in Engineering &amp; Human Behaviour 2014.<\/a><br><a href=\"https:\/\/www.imm.upv.es\/jornadas\/2013\/index.html\" target=\"_blank\" rel=\"noopener\">Mathematical Modelling in Engineering &amp; Human Behaviour 2013.<\/a><br><a href=\"https:\/\/www.imm.upv.es\/jornadas\/2012\/index.html\" target=\"_blank\" rel=\"noopener\">Mathematical Modelling in Engineering &amp; Human Behaviour 2012.<\/a><br><a href=\"https:\/\/www.imm.upv.es\/jornadas\/2011\/index.htm\" target=\"_blank\" rel=\"noopener\">Mathematical Modelling in Engineering &amp; Human Behaviour 2011.<\/a><br><a href=\"https:\/\/www.imm.upv.es\/jornadas\/2010\/index.htm\" target=\"_blank\" rel=\"noopener\"> Mathematical Models of Addictive Behaviour, Medicine &amp; Engineering 2010.<\/a><br><a href=\"https:\/\/www.imm.upv.es\/jornadas\/2009\/index.htm\" target=\"_blank\" rel=\"noopener\">Mathematical Modelling in Engineering &amp; Human Behaviour 2009.<\/a><\/div>\n<div align=\"justify\">&nbsp;<\/div>\n<\/details>\n\n\n\n<details>\n<summary>Actas del Congreso &#8211; Proceedings<\/summary>\n<hr style=\"display: block; border: 1px inset LightGray;\">\n<div align=\"justify\">\n<a href=\"https:\/\/imm.webs.upv.es\/jornadas\/2025\/2025_Proceedings_MME_HB.pdf\" target=\"_blank\" rel=\"noopener\">Modelling for Engineering &amp; Human Behaviour 2025.<\/a>\n<br>\n<a href=\"https:\/\/www.imm.upv.es\/jornadas\/proceedings\/Modelling2024.pdf\" target=\"_blank\" rel=\"noopener\">Modelling for Engineering &amp; Human Behaviour 2024.<\/a><br>\n<a href=\"https:\/\/www.imm.upv.es\/jornadas\/proceedings\/Modelling2023.pdf\" target=\"_blank\" rel=\"noopener\">Modelling for Engineering &amp; Human Behaviour 2023.<\/a><br>\n<a href=\"https:\/\/www.imm.upv.es\/jornadas\/proceedings\/Modelling2022.pdf\" target=\"_blank\" rel=\"noopener\">Modelling for Engineering &amp; Human Behaviour 2022.<\/a><br>\n<a href=\"https:\/\/www.imm.upv.es\/jornadas\/proceedings\/Modelling2021.pdf\" target=\"_blank\" rel=\"noopener\">Modelling for Engineering &amp; Human Behaviour 2021.<\/a><br><a href=\"https:\/\/www.imm.upv.es\/jornadas\/proceedings\/Modelling2020.pdf\" target=\"_blank\" rel=\"noopener\">Modelling for Engineering &amp; Human Behaviour 2020.<\/a><br><a href=\"https:\/\/www.imm.upv.es\/jornadas\/proceedings\/Modelling2019.pdf\" target=\"_blank\" rel=\"noopener\">Modelling for Engineering &amp; Human Behaviour 2019.<\/a><br><a href=\"https:\/\/www.imm.upv.es\/jornadas\/proceedings\/Modelling2018.pdf\" target=\"_blank\" rel=\"noopener\">Modelling for Engineering &amp; Human Behaviour 2018.<\/a><br><a href=\"https:\/\/www.imm.upv.es\/jornadas\/proceedings\/Modelling2017.pdf\" target=\"_blank\" rel=\"noopener\">Modelling for Engineering &amp; Human Behaviour 2017.<\/a><br><a href=\"https:\/\/www.imm.upv.es\/jornadas\/proceedings\/Modelling2016.pdf\" target=\"_blank\" rel=\"noopener\">Modelling for Engineering &amp; Human Behaviour 2016.<\/a><br><a href=\"https:\/\/www.imm.upv.es\/jornadas\/proceedings\/Modelling2015.pdf\" target=\"_blank\" rel=\"noopener\">Modelling for Engineering &amp; Human Behaviour 2015.<\/a><br><a href=\"https:\/\/www.imm.upv.es\/jornadas\/proceedings\/Modelling2014.pdf\" target=\"_blank\" rel=\"noopener\">Modelling for Engineering &amp; Human Behaviour 2014.<\/a><br><a href=\"https:\/\/www.imm.upv.es\/jornadas\/proceedings\/Modelling2013.pdf\" target=\"_blank\" rel=\"noopener\">Modelling for Engineering &amp; Human Behaviour 2013.<\/a><br><a href=\"https:\/\/www.imm.upv.es\/jornadas\/proceedings\/Modelling2012.pdf\" target=\"_blank\" rel=\"noopener\">Modelling for Engineering &amp; Human Behaviour 2012.<\/a><br><a href=\"https:\/\/www.imm.upv.es\/jornadas\/proceedings\/Modelling2011.pdf\" target=\"_blank\" rel=\"noopener\">Modelling for Engineering &amp; Human Behaviour 2011.<\/a><br><a href=\"https:\/\/www.imm.upv.es\/jornadas\/proceedings\/Modelling2010.pdf\" target=\"_blank\" rel=\"noopener\">Modelling for Addictive Behaviour, Medicine &amp; Engineering 2010.<\/a><br><a href=\"https:\/\/www.imm.upv.es\/jornadas\/proceedings\/Modelling2009.pdf\" target=\"_blank\" rel=\"noopener\">Modelling for Medicine, Business &amp; Engineering 2009.<\/a>\n<br>\n<a href=\"https:\/\/www.imm.upv.es\/jornadas\/proceedings\/Modelling2008.pdf\" target=\"_blank\" rel=\"noopener\">Modelling for Engineering &amp; Medicine 2008.<\/a><\/div>\n<div align=\"justify\">&nbsp;<\/div>\n<\/details>\n\n\n\n<details open=\"\">\n<summary>Congreso del M\u00e1ster en Investigaci\u00f3n Matem\u00e1tica<\/summary>\n<hr style=\"display: block; border: 1px inset LightGray;\">\n<div align=\"justify\">\n<a href=\"https:\/\/imm.webs.upv.es\/invesmat\/2024_Investmat.pdf\" target=\"_blank\" rel=\"noopener\">Actas del XI Congreso del M\u00e1ster en Investigaci\u00f3n Matem\u00e1tica 2024<\/a>\n<br>\n<a href=\"https:\/\/imm.webs.upv.es\/invesmat\/2022_Investmat.pdf\" target=\"_blank\" rel=\"noopener\">Actas del XI Congreso del M\u00e1ster en Investigaci\u00f3n Matem\u00e1tica 2022<\/a>\n<\/details>\n\n\n\n<details id=\"specialissues\" open=\"open\">\n<summary>N\u00fameros especiales publicados<\/summary>\n<hr style=\"display: block; border: 1px inset LightGray;\">\n<div align=\"justify\">\n<p><!-- Mathematical Modelling in Engineering Human Behaviour --><br><strong>N\u00famero especial<\/strong> \u00abMathematical Modelling in Engineering Human Behaviour\u00bb para la revista<br><a href=\"https:\/\/link.springer.com\/book\/10.1007\/978-3-032-00567-0\" target=\"_blank\" rel=\"noopener\">Springer Proceedings in Mathematics &#038; Statistics<\/a> publicado por <a href=\"https:\/\/link.springer.com\/\" target=\"_blank\" rel=\"noopener\">Springer<\/a>.&nbsp;<br><strong>Editores invitados:<\/strong><\/p>\n<ul>\n<li>Prof. Juan Ram\u00f3n Torregrosa, Universitat Polit\u00e8cnica de Val\u00e8ncia, Val\u00e8ncia.<\/li>\n<\/ul>\n<hr>\n<p><!-- Mathematical Modelling in Engineering and Human Behaviour --><br><strong>Special Issue<\/strong> \u00abMMathematical Modelling in Engineering and Human Behaviour\u00bb in the journal<br><a href=\"https:\/\/www.mdpi.com\/journal\/algorithms\/special_issues\/H8NYQ866EA\" target=\"_blank\" rel=\"noopener\">Algorithms<\/a> is published by <a href=\"https:\/\/www.mdpi.com\/\" target=\"_blank\" rel=\"noopener\">MDPI<\/a>.<br><strong>Editores invitados:<\/strong><\/p>\n<ul>\n<li>Prof. Dr. Alicia Cordero, Universitat Polit\u00e8cnica de Val\u00e8ncia, Val\u00e8ncia.<\/li>\n<li>Prof. Dr. Juan Ram\u00f3n Torregrosa, Universitat Polit\u00e8cnica de Val\u00e8ncia, Val\u00e8ncia.<\/li>\n<\/ul>\n<hr>\n<p><!-- Mathematical Models and Methods in Engineering and Social Sciences --><br><strong>N\u00famero especial<\/strong> \u00abMathematical Models and Methods in Engineering and Social Sciences\u00bb para la revista<br><a href=\"https:\/\/www.mdpi.com\/journal\/mathematics\/special_issues\/mathematical_models_methods_engineering_social_sciences\" target=\"_blank\" rel=\"noopener\">Mathematics<\/a> publicado por <a href=\"https:\/\/www.mdpi.com\/\" target=\"_blank\" rel=\"noopener\">MDPI<\/a>.&nbsp;Esta revista est\u00e1 ubidada en el en primer decil del JCR.<br><strong>Editores invitados:<\/strong><\/p>\n<ul>\n<li>Prof. Lucas J\u00f3dar, Universitat Polit\u00e8cnica de Val\u00e8ncia, Val\u00e8ncia.<\/li>\n<li>Prof. Rafael Company, Universitat Polit\u00e8cnica de Val\u00e8ncia, Val\u00e8ncia.<\/li>\n<li>Prof. Dr. Benito Chen-Charpentier, University of Texas at Arlington, EEUU.<\/li>\n<\/ul>\n<hr>\n<p><!--Mathematical Methods, Modelling and Applications--><br><strong>N\u00famero especial<\/strong> \u00abMathematical Methods, Modelling and Applications\u00bb para la revista <a href=\"https:\/\/www.mdpi.com\/journal\/mathematics\/special_issues\/Mathematical_Methods_Modelling_Applications\" target=\"_blank\" rel=\"noopener\">Mathematics<\/a> publicado por <a href=\"https:\/\/www.mdpi.com\/\" target=\"_blank\" rel=\"noopener\">MDPI<\/a>.&nbsp;El factor de impacto de esta revista es 1.747 y aparece listada en el JCR.<br><strong>Editores invitados:<\/strong><\/p>\n<ul>\n<li>Lucas J\u00f3dar, Universitat Polit\u00e8cnica de Val\u00e8ncia, Val\u00e8ncia.<\/li>\n<li>Rafael Company, Universitat Polit\u00e8cnica de Val\u00e8ncia, Val\u00e8ncia.<\/li>\n<\/ul>\n<hr>\n<p><!-- Advances on Uncertainty Quantification: Theory and Modelling --><br><strong>N\u00famero especial: \u00abAdvances on Uncertainty Quantification: Theory and Modelling\u00bb<\/strong> para la revista <a href=\"https:\/\/www.mdpi.com\/journal\/mathematics\/special_issues\/Uncertain_Quantif\" target=\"_blank\" rel=\"noopener\">Mathematics<\/a> publicado por <a href=\"https:\/\/www.mdpi.com\/\" target=\"_blank\" rel=\"noopener\">MDPI<\/a>.&nbsp;El factor de impacto de esta revista es 1.747 y aparece listada en el JCR.<br><strong>Editores invitados:<\/strong><\/p>\n<ul>\n<li>Juan Carlos Cort\u00e9s, Universitat Polit\u00e8cnica de Val\u00e8ncia, Val\u00e8ncia.<\/li>\n<li>Rafael Villanueva Mic\u00f3, Universitat Polit\u00e8cnica de Val\u00e8ncia, Val\u00e8ncia.<\/li>\n<\/ul>\n<hr>\n<p><!--Mathematical Modelling in Engineering &amp; Human Behaviour 2019--><\/p>\n<div align=\"justify\"><strong>N\u00famero especial \u00abMathematical Modelling in Engineering &amp; Human Behaviour 2019\u00bb<\/strong> para la revista <a href=\"https:\/\/www.mdpi.com\/journal\/mca\/special_issues\/MMEHB19\" target=\"_blank\" rel=\"noopener\">Mathematical and Computational Applications<\/a> publicado por <a href=\"https:\/\/www.mpdi.com\/\" target=\"_blank\" rel=\"noopener\">MPDI<\/a>.<br><strong>Editores invitados:<\/strong>\n<p>&nbsp;<\/p>\n<ul>\n<li>Lucas J\u00f3dar, Universitat Polit\u00e8cnica de Val\u00e8ncia, Val\u00e8ncia.<\/li>\n<li>Juan Carlos Cort\u00e9s, Universitat Polit\u00e8cnica de Val\u00e8ncia, Val\u00e8ncia.<\/li>\n<li>Luis Acedo Rodr\u00edguez, Universitat Polit\u00e8cnica de Val\u00e8ncia, Val\u00e8ncia.<\/li>\n<\/ul>\n<hr>\n<p><!--Mathematical Modelling in Engineering &amp; Human Behaviour 2018--><\/p>\n<div align=\"justify\"><strong>N\u00famero especial: \u00abMathematical Modelling in Engineering &amp; Human Behaviour 2018\u00bb<\/strong> para la revista <a href=\"https:\/\/onlinelibrary.wiley.com\/toc\/10991476\/2020\/43\/14\" target=\"_blank\" rel=\"noopener\">Mathematical Methods in the Applied Sciences<\/a> publicado por <a href=\"https:\/\/www.wiley.com\/\" target=\"_blank\" rel=\"noopener\">Wiley<\/a>. El factor de impacto de esta revista es 1.626 y aparece listada en el JCR.<br><strong>Editores invitados:<\/strong>\n<p>&nbsp;<\/p>\n<ul>\n<li>Juan R. Torregrosa, Universitat Polit\u00e8cnica de Val\u00e8ncia, Val\u00e8ncia.<\/li>\n<li>Lucas J\u00f3dar, Universitat Polit\u00e8cnica de Val\u00e8ncia, Val\u00e8ncia.<\/li>\n<li>Juan Carlos Cort\u00e9s, Universitat Polit\u00e8cnica de Val\u00e8ncia, Val\u00e8ncia.<\/li>\n<\/ul>\n<hr>\n<p><!--Control and Optimization of Multi-Agent Systems and Complex Networks for Systems Engineering--><\/p>\n<div align=\"justify\"><strong>N\u00famero especial: \u00abControl and Optimization of Multi-Agent Systems and Complex Networks for Systems Engineering\u00bb<\/strong> para la revista <a href=\"https:\/\/www.mdpi.com\/journal\/processes\/Control_Systems_Engineering\" target=\"_blank\" rel=\"noopener\">Processes<\/a> publicado por <a href=\"https:\/\/www.mpdi.com\/\" target=\"_blank\" rel=\"noopener\">MPDI<\/a>. El factor de impacto de esta revista es 2.753 y aparece listada en el JCR.<br><strong>Editores invitados:<\/strong>\n<p>&nbsp;<\/p>\n<ul>\n<li>Marco P\u00e9rez-Hern\u00e1ndez, University of Cambridge, Reino Unido.<\/li>\n<li>Ajith Kumar Parlikad, University of Cambridge, Reino Unido.<\/li>\n<li>Joaqu\u00edn Izquierdo, Universitat Polit\u00e8cnica de Val\u00e8ncia.<\/li>\n<\/ul>\n<hr>\n<p><!--Discrete Models in Epidemiology, Social Sciences, and Population Dynamics--><\/p>\n<div align=\"justify\"><strong>N\u00famero especial: \u00abDiscrete Models in Epidemiology, Social Sciences, and Population Dynamics\u00bb<\/strong> para la revista <a href=\"https:\/\/www.hindawi.com\/journals\/complexity\/\" target=\"_blank\" rel=\"noopener\">Complexity<\/a> publicado por <a href=\"https:\/\/www.hindawi.com\/\" target=\"_blank\" rel=\"noopener\">Hindawi<\/a>. El factor de impacto de esta revista es 3.514 y aparece listada en el JCR. It is fully an open-access journal.<br><strong>Editores invitados:<\/strong>\n<p>&nbsp;<\/p>\n<ul>\n<li>Luis Acedo, Universitat Polit\u00e8cnica de Val\u00e8ncia, Val\u00e8ncia (Editor invitado principal).<\/li>\n<li>Abraham J. A. Tawil, University of C\u00f3rdoba, Monter\u00eda, Colombia.<\/li>\n<li>Benito M. Chen-Carpentier, University of Texas at Arlington, U.S.A.<\/li>\n<li>Gilberto C. Gonz\u00e1lez-Parra, University of Los Andes, M\u00e9rida, Venezuela.<\/li>\n<li>Francisco J. Solis, Center for Research in Mathematics, CIMAT, Guanajuato, M\u00e9xico.<\/li>\n<\/ul>\n<hr>\n<p><!--SMART PLANNING, OPERATION AND MANAGEMENT OF WATER SUPPLY SYSTEMS--><br><strong>N\u00famero especial: \u00abSmart Planning, Operation, and Management of Water Supply Systems\u00bb<\/strong> para la revista <a href=\"https:\/\/www.hindawi.com\/journals\/mpe\/?gclid=Cj0KCQiAxZPgBRCmARIsAOrTHSY2I3s9rCImpuWTmrBqXCR4xg8tbWq3TFNEZSRbhrVqQX0ACqAhOV0aAl6UEALw_wcB\" target=\"_blank\" rel=\"noopener\">Mathematical Problems in Engineering<\/a> publicado por <a href=\"https:\/\/www.hindawi.com\/\" target=\"_blank\" rel=\"noopener\">Hindawi<\/a>.<\/p>\n<p><strong>Editores invitados:<\/strong><\/p>\n<ul>\n<li>Joaqu\u00edn Izquierdo, Universitat Polit\u00e8cnica de Val\u00e8ncia, Val\u00e8ncia (Editor invitado principal).<\/li>\n<li>Manuel Herrera, University of Bath, Bath, UK.<\/li>\n<li>Idel Montalvo, IngeniousWare GmbH, Karlsruhe, Germany.<\/li>\n<li>Rafael P\u00e9rez Garc\u00eda, Universitat Polit\u00e8cnica de Val\u00e8ncia, Val\u00e8ncia.<\/li>\n<\/ul>\n<hr>\n<p><!--ANALYSIS AND MODELS IN INTERDISCIPLINARY MATHEMATICS 2016--><br><strong>N\u00famero especial: \u00abAnalysis and Models in Interdisciplinary Mathematics 2016\u00bb<\/strong> of the journal <a href=\"https:\/\/www.hindawi.com\/journals\/aaa\/si\/250293\/\" target=\"_blank\" rel=\"noopener\">Abstract and Applied Analysis<\/a> publicado por <a href=\"https:\/\/www.hindawi.com\/\" target=\"_blank\" rel=\"noopener\">Hindawi<\/a>.<br><strong>Editores invitados:<\/strong><\/p>\n<ul>\n<li>Juan Carlos Cort\u00e9s L\u00f3pez, Instituto Universitario de Matem\u00e1tica Multidisciplinar (Editor invitado principal).<\/li>\n<li>Benito Chen-Charpentier, University of Texas at Arlington.<\/li>\n<li>Rafael Company, Instituto Universitario de Matem\u00e1tica Multidisciplinar.<\/li>\n<li>Francisco Solis Lozano, CIMAT, Mexico.<\/li>\n<li>Juan R. T. S\u00e1nchez, Universitat Polit\u00e8cnica de Val\u00e8ncia, Val\u00e8ncia.<\/li>\n<li>Rafael Villanueva Mic\u00f3, Instituto Universitario de Matem\u00e1tica Multidisciplinar.<\/li>\n<\/ul>\n<hr>\n<p>Previous editions 2014 and 2015 are found <a href=\"http:\/\/www.hindawi.com\/journals\/aaa\/interdisciplinary.mathematics\/\" target=\"_blank\" rel=\"noopener\">here<\/a>.<\/p>\n<\/div>\n<\/div>\n<\/div>\n<\/div>\n<\/div>\n<\/details>\n","protected":false},"excerpt":{"rendered":"<p>Anualmente, el IMM organiza un congreso sobre Modelado Matem\u00e1tico aplicado a diferentes \u00e1reas como la Medicina, la Ingenier\u00eda, la Sociolog\u00eda o la Matem\u00e1tica Aplicada. Este congreso se llama Mathematical Modelling in Engineering and Human Behaviour (MME&amp;HB) A continuaci\u00f3n se detallan todos los congresos desde 2009. Congreso 2026 Mathematical Modelling in&#8230; <a class=\"continue-reading-link\" href=\"https:\/\/imm.webs.upv.es\/es\/conferences\/\">Show more<\/a><\/p>\n","protected":false},"author":4,"featured_media":0,"parent":0,"menu_order":4,"comment_status":"closed","ping_status":"closed","template":"","meta":{"ngg_post_thumbnail":0,"footnotes":""},"class_list":["post-119","page","type-page","status-publish","hentry"],"translation":{"provider":"WPGlobus","version":"3.0.2","language":"es","enabled_languages":["en","ca","es"],"languages":{"en":{"title":true,"content":true,"excerpt":false},"ca":{"title":true,"content":true,"excerpt":false},"es":{"title":true,"content":true,"excerpt":false}}},"yoast_head":"<!-- This site is optimized with the Yoast SEO plugin v27.4 - https:\/\/yoast.com\/product\/yoast-seo-wordpress\/ -->\n<title>Conferencias y publicaciones - I. U. de Matem\u00e1tica Multidisciplinar<\/title>\n<meta name=\"robots\" content=\"index, follow, max-snippet:-1, max-image-preview:large, max-video-preview:-1\" \/>\n<link rel=\"canonical\" href=\"https:\/\/imm.webs.upv.es\/conferences\/\" \/>\n<meta property=\"og:locale\" content=\"es_ES\" \/>\n<meta property=\"og:type\" content=\"article\" \/>\n<meta property=\"og:title\" content=\"Conferencias y publicaciones - I. U. de Matem\u00e1tica Multidisciplinar\" \/>\n<meta property=\"og:url\" content=\"https:\/\/imm.webs.upv.es\/conferences\/\" \/>\n<meta property=\"og:site_name\" content=\"I. U. de Matem\u00e1tica Multidisciplinar\" \/>\n<meta property=\"article:modified_time\" content=\"2026-03-12T08:47:55+00:00\" \/>\n<meta name=\"twitter:card\" content=\"summary_large_image\" \/>\n<meta name=\"twitter:label1\" content=\"Tiempo de lectura\" \/>\n\t<meta name=\"twitter:data1\" content=\"5 minutos\" \/>\n<script type=\"application\/ld+json\" class=\"yoast-schema-graph\">{\"@context\":\"https:\\\/\\\/schema.org\",\"@graph\":[{\"@type\":\"WebPage\",\"@id\":\"https:\\\/\\\/imm.webs.upv.es\\\/conferences\\\/\",\"url\":\"https:\\\/\\\/imm.webs.upv.es\\\/conferences\\\/\",\"name\":\"Conferencias y publicaciones - I. U. de Matem\u00e1tica Multidisciplinar\",\"isPartOf\":{\"@id\":\"https:\\\/\\\/imm.webs.upv.es\\\/#website\"},\"datePublished\":\"2018-11-23T08:36:51+00:00\",\"dateModified\":\"2026-03-12T08:47:55+00:00\",\"breadcrumb\":{\"@id\":\"https:\\\/\\\/imm.webs.upv.es\\\/conferences\\\/#breadcrumb\"},\"inLanguage\":\"es\",\"potentialAction\":[{\"@type\":\"ReadAction\",\"target\":[\"https:\\\/\\\/imm.webs.upv.es\\\/conferences\\\/\"]}]},{\"@type\":\"BreadcrumbList\",\"@id\":\"https:\\\/\\\/imm.webs.upv.es\\\/conferences\\\/#breadcrumb\",\"itemListElement\":[{\"@type\":\"ListItem\",\"position\":1,\"name\":\"Home\",\"item\":\"https:\\\/\\\/imm.webs.upv.es\\\/\"},{\"@type\":\"ListItem\",\"position\":2,\"name\":\"Congresses &#038; Publications\"}]},{\"@type\":\"WebSite\",\"@id\":\"https:\\\/\\\/imm.webs.upv.es\\\/#website\",\"url\":\"https:\\\/\\\/imm.webs.upv.es\\\/\",\"name\":\"I. U. de Matem\u00e1tica Multidisciplinar\",\"description\":\"\",\"publisher\":{\"@id\":\"https:\\\/\\\/imm.webs.upv.es\\\/#organization\"},\"potentialAction\":[{\"@type\":\"SearchAction\",\"target\":{\"@type\":\"EntryPoint\",\"urlTemplate\":\"https:\\\/\\\/imm.webs.upv.es\\\/?s={search_term_string}\"},\"query-input\":{\"@type\":\"PropertyValueSpecification\",\"valueRequired\":true,\"valueName\":\"search_term_string\"}}],\"inLanguage\":\"es\"},{\"@type\":\"Organization\",\"@id\":\"https:\\\/\\\/imm.webs.upv.es\\\/#organization\",\"name\":\"I. U. de Matem\u00e1tica Multidisciplinar\",\"url\":\"https:\\\/\\\/imm.webs.upv.es\\\/\",\"logo\":{\"@type\":\"ImageObject\",\"inLanguage\":\"es\",\"@id\":\"https:\\\/\\\/imm.webs.upv.es\\\/#\\\/schema\\\/logo\\\/image\\\/\",\"url\":\"https:\\\/\\\/imm.webs.upv.es\\\/wp-content\\\/uploads\\\/2020\\\/11\\\/imm_blue-1.png\",\"contentUrl\":\"https:\\\/\\\/imm.webs.upv.es\\\/wp-content\\\/uploads\\\/2020\\\/11\\\/imm_blue-1.png\",\"width\":931,\"height\":498,\"caption\":\"I. U. de Matem\u00e1tica Multidisciplinar\"},\"image\":{\"@id\":\"https:\\\/\\\/imm.webs.upv.es\\\/#\\\/schema\\\/logo\\\/image\\\/\"}}]}<\/script>\n<!-- \/ Yoast SEO plugin. -->","yoast_head_json":{"title":"Conferencias y publicaciones - I. U. de Matem\u00e1tica Multidisciplinar","robots":{"index":"index","follow":"follow","max-snippet":"max-snippet:-1","max-image-preview":"max-image-preview:large","max-video-preview":"max-video-preview:-1"},"canonical":"https:\/\/imm.webs.upv.es\/conferences\/","og_locale":"es_ES","og_type":"article","og_title":"Conferencias y publicaciones - I. U. de Matem\u00e1tica Multidisciplinar","og_url":"https:\/\/imm.webs.upv.es\/conferences\/","og_site_name":"I. U. de Matem\u00e1tica Multidisciplinar","article_modified_time":"2026-03-12T08:47:55+00:00","twitter_card":"summary_large_image","twitter_misc":{"Tiempo de lectura":"5 minutos"},"schema":{"@context":"https:\/\/schema.org","@graph":[{"@type":"WebPage","@id":"https:\/\/imm.webs.upv.es\/conferences\/","url":"https:\/\/imm.webs.upv.es\/conferences\/","name":"Conferencias y publicaciones - I. U. de Matem\u00e1tica Multidisciplinar","isPartOf":{"@id":"https:\/\/imm.webs.upv.es\/#website"},"datePublished":"2018-11-23T08:36:51+00:00","dateModified":"2026-03-12T08:47:55+00:00","breadcrumb":{"@id":"https:\/\/imm.webs.upv.es\/conferences\/#breadcrumb"},"inLanguage":"es","potentialAction":[{"@type":"ReadAction","target":["https:\/\/imm.webs.upv.es\/conferences\/"]}]},{"@type":"BreadcrumbList","@id":"https:\/\/imm.webs.upv.es\/conferences\/#breadcrumb","itemListElement":[{"@type":"ListItem","position":1,"name":"Home","item":"https:\/\/imm.webs.upv.es\/"},{"@type":"ListItem","position":2,"name":"Congresses &#038; Publications"}]},{"@type":"WebSite","@id":"https:\/\/imm.webs.upv.es\/#website","url":"https:\/\/imm.webs.upv.es\/","name":"I. U. de Matem\u00e1tica Multidisciplinar","description":"","publisher":{"@id":"https:\/\/imm.webs.upv.es\/#organization"},"potentialAction":[{"@type":"SearchAction","target":{"@type":"EntryPoint","urlTemplate":"https:\/\/imm.webs.upv.es\/?s={search_term_string}"},"query-input":{"@type":"PropertyValueSpecification","valueRequired":true,"valueName":"search_term_string"}}],"inLanguage":"es"},{"@type":"Organization","@id":"https:\/\/imm.webs.upv.es\/#organization","name":"I. U. de Matem\u00e1tica Multidisciplinar","url":"https:\/\/imm.webs.upv.es\/","logo":{"@type":"ImageObject","inLanguage":"es","@id":"https:\/\/imm.webs.upv.es\/#\/schema\/logo\/image\/","url":"https:\/\/imm.webs.upv.es\/wp-content\/uploads\/2020\/11\/imm_blue-1.png","contentUrl":"https:\/\/imm.webs.upv.es\/wp-content\/uploads\/2020\/11\/imm_blue-1.png","width":931,"height":498,"caption":"I. U. de Matem\u00e1tica Multidisciplinar"},"image":{"@id":"https:\/\/imm.webs.upv.es\/#\/schema\/logo\/image\/"}}]}},"_links":{"self":[{"href":"https:\/\/imm.webs.upv.es\/es\/wp-json\/wp\/v2\/pages\/119","targetHints":{"allow":["GET"]}}],"collection":[{"href":"https:\/\/imm.webs.upv.es\/es\/wp-json\/wp\/v2\/pages"}],"about":[{"href":"https:\/\/imm.webs.upv.es\/es\/wp-json\/wp\/v2\/types\/page"}],"author":[{"embeddable":true,"href":"https:\/\/imm.webs.upv.es\/es\/wp-json\/wp\/v2\/users\/4"}],"replies":[{"embeddable":true,"href":"https:\/\/imm.webs.upv.es\/es\/wp-json\/wp\/v2\/comments?post=119"}],"version-history":[{"count":234,"href":"https:\/\/imm.webs.upv.es\/es\/wp-json\/wp\/v2\/pages\/119\/revisions"}],"predecessor-version":[{"id":4837,"href":"https:\/\/imm.webs.upv.es\/es\/wp-json\/wp\/v2\/pages\/119\/revisions\/4837"}],"wp:attachment":[{"href":"https:\/\/imm.webs.upv.es\/es\/wp-json\/wp\/v2\/media?parent=119"}],"curies":[{"name":"wp","href":"https:\/\/api.w.org\/{rel}","templated":true}]}}