{"id":123,"date":"2018-11-23T08:37:39","date_gmt":"2018-11-23T08:37:39","guid":{"rendered":"http:\/\/localhost\/wordpress1\/?page_id=123"},"modified":"2025-07-28T10:26:43","modified_gmt":"2025-07-28T08:26:43","slug":"contact","status":"publish","type":"page","link":"https:\/\/imm.webs.upv.es\/es\/contact\/","title":{"rendered":"Contacto"},"content":{"rendered":"\n<p>Juan Carlos Cort\u00e9s, Director, Email: <a href=\"mailto:directorimm@imm.upv.es\" target=\"_blank\" rel=\"noopener\">directorimm@imm.upv.es<\/a><br>Francisco I. Chicharro, Subdirector, Email: <a href=\"mailto:frachilo@mat.upv.es\" target=\"_blank\" rel=\"noreferrer noopener\">frachilo@mat.upv.es<\/a> <br>Cristina Santamar\u00eda, Secretaria, Email: <a href=\"mailto:crisanna@upv.es\">crisanna@upv.es<\/a> <br><br>Elena L\u00f3pez, Apoyo a la Investigaci\u00f3n, Email: <a href=\"mailto:imm@imm.upv.es\" target=\"_blank\" rel=\"noreferrer noopener\">imm@imm.upv.es<\/a>,<br>Phone: +34 &#8211; 963 87 70 00 Ext: 88285<\/p>\n\n\n\n<p><\/p>\n\n\n\n<p><\/p>\n\n\n<div class=\"su-row\"><div class=\"su-column su-column-size-1-2\"><div class=\"su-column-inner su-u-clearfix su-u-trim\">\n<strong>Direcci\u00f3n:<\/strong><\/p>\n<p>Instituto de Matem\u00e1tica Multidisciplinar, <a href=\"mailto:imm@imm.upv.es\" target=\"_blank\" rel=\"noopener\">imm@imm.upv.es<\/a><br \/>\nEdificio 8G, Acesso C, 2\u00aa Planta,<br \/>\nCamino de Vera s\/n,<br \/>\nUniversitat Polit\u00e8cnica de Val\u00e8ncia,<br \/>\n46022, Val\u00e8ncia, Spain.<br \/>\n<\/div><\/div>\n<div class=\"su-column su-column-size-1-2\"><div class=\"su-column-inner su-u-clearfix su-u-trim\">\n<div class=\"su-gmap su-u-responsive-media-no\"><iframe loading=\"lazy\" width=\"300\" height=\"300\" src=\"\/\/maps.google.com\/maps?q=IMM%20instituto%20matematica%20multidisciplinar&amp;output=embed&amp;z=17\" title=\"\"><\/iframe><\/div>\n<\/div><\/div><\/div>\n\n\n\n<p><\/p>\n\n\n\n<p><\/p>\n","protected":false},"excerpt":{"rendered":"<p>Juan Carlos Cort\u00e9s, Director, Email: directorimm@imm.upv.esFrancisco I. Chicharro, Subdirector, Email: frachilo@mat.upv.es Cristina Santamar\u00eda, Secretaria, Email: crisanna@upv.es Elena L\u00f3pez, Apoyo a la Investigaci\u00f3n, Email: imm@imm.upv.es,Phone: +34 &#8211; 963 87 70 00 Ext: 88285 <a class=\"continue-reading-link\" href=\"https:\/\/imm.webs.upv.es\/es\/contact\/\">Show more<\/a><\/p>\n","protected":false},"author":4,"featured_media":0,"parent":0,"menu_order":6,"comment_status":"closed","ping_status":"closed","template":"","meta":{"ngg_post_thumbnail":0,"footnotes":""},"class_list":["post-123","page","type-page","status-publish","hentry"],"translation":{"provider":"WPGlobus","version":"3.0.2","language":"es","enabled_languages":["en","ca","es"],"languages":{"en":{"title":true,"content":true,"excerpt":false},"ca":{"title":true,"content":true,"excerpt":false},"es":{"title":true,"content":true,"excerpt":false}}},"yoast_head":"<!-- This site is optimized with the Yoast SEO plugin v27.4 - https:\/\/yoast.com\/product\/yoast-seo-wordpress\/ -->\n<title>Contacto - I. U. de Matem\u00e1tica Multidisciplinar<\/title>\n<meta name=\"robots\" content=\"index, follow, max-snippet:-1, max-image-preview:large, max-video-preview:-1\" \/>\n<link rel=\"canonical\" href=\"https:\/\/imm.webs.upv.es\/contact\/\" \/>\n<meta property=\"og:locale\" content=\"es_ES\" \/>\n<meta property=\"og:type\" content=\"article\" \/>\n<meta property=\"og:title\" content=\"Contacto - I. U. de Matem\u00e1tica Multidisciplinar\" \/>\n<meta property=\"og:url\" content=\"https:\/\/imm.webs.upv.es\/contact\/\" \/>\n<meta property=\"og:site_name\" content=\"I. U. de Matem\u00e1tica Multidisciplinar\" \/>\n<meta property=\"article:modified_time\" content=\"2025-07-28T08:26:43+00:00\" \/>\n<meta name=\"twitter:card\" content=\"summary_large_image\" \/>\n<meta name=\"twitter:label1\" content=\"Tiempo de lectura\" \/>\n\t<meta name=\"twitter:data1\" content=\"1 minuto\" \/>\n<script type=\"application\/ld+json\" class=\"yoast-schema-graph\">{\"@context\":\"https:\\\/\\\/schema.org\",\"@graph\":[{\"@type\":\"WebPage\",\"@id\":\"https:\\\/\\\/imm.webs.upv.es\\\/contact\\\/\",\"url\":\"https:\\\/\\\/imm.webs.upv.es\\\/contact\\\/\",\"name\":\"Contacto - I. U. de Matem\u00e1tica Multidisciplinar\",\"isPartOf\":{\"@id\":\"https:\\\/\\\/imm.webs.upv.es\\\/#website\"},\"datePublished\":\"2018-11-23T08:37:39+00:00\",\"dateModified\":\"2025-07-28T08:26:43+00:00\",\"breadcrumb\":{\"@id\":\"https:\\\/\\\/imm.webs.upv.es\\\/contact\\\/#breadcrumb\"},\"inLanguage\":\"es\",\"potentialAction\":[{\"@type\":\"ReadAction\",\"target\":[\"https:\\\/\\\/imm.webs.upv.es\\\/contact\\\/\"]}]},{\"@type\":\"BreadcrumbList\",\"@id\":\"https:\\\/\\\/imm.webs.upv.es\\\/contact\\\/#breadcrumb\",\"itemListElement\":[{\"@type\":\"ListItem\",\"position\":1,\"name\":\"Home\",\"item\":\"https:\\\/\\\/imm.webs.upv.es\\\/\"},{\"@type\":\"ListItem\",\"position\":2,\"name\":\"Contact\"}]},{\"@type\":\"WebSite\",\"@id\":\"https:\\\/\\\/imm.webs.upv.es\\\/#website\",\"url\":\"https:\\\/\\\/imm.webs.upv.es\\\/\",\"name\":\"I. U. de Matem\u00e1tica Multidisciplinar\",\"description\":\"\",\"publisher\":{\"@id\":\"https:\\\/\\\/imm.webs.upv.es\\\/#organization\"},\"potentialAction\":[{\"@type\":\"SearchAction\",\"target\":{\"@type\":\"EntryPoint\",\"urlTemplate\":\"https:\\\/\\\/imm.webs.upv.es\\\/?s={search_term_string}\"},\"query-input\":{\"@type\":\"PropertyValueSpecification\",\"valueRequired\":true,\"valueName\":\"search_term_string\"}}],\"inLanguage\":\"es\"},{\"@type\":\"Organization\",\"@id\":\"https:\\\/\\\/imm.webs.upv.es\\\/#organization\",\"name\":\"I. U. de Matem\u00e1tica Multidisciplinar\",\"url\":\"https:\\\/\\\/imm.webs.upv.es\\\/\",\"logo\":{\"@type\":\"ImageObject\",\"inLanguage\":\"es\",\"@id\":\"https:\\\/\\\/imm.webs.upv.es\\\/#\\\/schema\\\/logo\\\/image\\\/\",\"url\":\"https:\\\/\\\/imm.webs.upv.es\\\/wp-content\\\/uploads\\\/2020\\\/11\\\/imm_blue-1.png\",\"contentUrl\":\"https:\\\/\\\/imm.webs.upv.es\\\/wp-content\\\/uploads\\\/2020\\\/11\\\/imm_blue-1.png\",\"width\":931,\"height\":498,\"caption\":\"I. U. de Matem\u00e1tica Multidisciplinar\"},\"image\":{\"@id\":\"https:\\\/\\\/imm.webs.upv.es\\\/#\\\/schema\\\/logo\\\/image\\\/\"}}]}<\/script>\n<!-- \/ Yoast SEO plugin. -->","yoast_head_json":{"title":"Contacto - I. U. de Matem\u00e1tica Multidisciplinar","robots":{"index":"index","follow":"follow","max-snippet":"max-snippet:-1","max-image-preview":"max-image-preview:large","max-video-preview":"max-video-preview:-1"},"canonical":"https:\/\/imm.webs.upv.es\/contact\/","og_locale":"es_ES","og_type":"article","og_title":"Contacto - I. U. de Matem\u00e1tica Multidisciplinar","og_url":"https:\/\/imm.webs.upv.es\/contact\/","og_site_name":"I. U. de Matem\u00e1tica Multidisciplinar","article_modified_time":"2025-07-28T08:26:43+00:00","twitter_card":"summary_large_image","twitter_misc":{"Tiempo de lectura":"1 minuto"},"schema":{"@context":"https:\/\/schema.org","@graph":[{"@type":"WebPage","@id":"https:\/\/imm.webs.upv.es\/contact\/","url":"https:\/\/imm.webs.upv.es\/contact\/","name":"Contacto - I. U. de Matem\u00e1tica Multidisciplinar","isPartOf":{"@id":"https:\/\/imm.webs.upv.es\/#website"},"datePublished":"2018-11-23T08:37:39+00:00","dateModified":"2025-07-28T08:26:43+00:00","breadcrumb":{"@id":"https:\/\/imm.webs.upv.es\/contact\/#breadcrumb"},"inLanguage":"es","potentialAction":[{"@type":"ReadAction","target":["https:\/\/imm.webs.upv.es\/contact\/"]}]},{"@type":"BreadcrumbList","@id":"https:\/\/imm.webs.upv.es\/contact\/#breadcrumb","itemListElement":[{"@type":"ListItem","position":1,"name":"Home","item":"https:\/\/imm.webs.upv.es\/"},{"@type":"ListItem","position":2,"name":"Contact"}]},{"@type":"WebSite","@id":"https:\/\/imm.webs.upv.es\/#website","url":"https:\/\/imm.webs.upv.es\/","name":"I. U. de Matem\u00e1tica Multidisciplinar","description":"","publisher":{"@id":"https:\/\/imm.webs.upv.es\/#organization"},"potentialAction":[{"@type":"SearchAction","target":{"@type":"EntryPoint","urlTemplate":"https:\/\/imm.webs.upv.es\/?s={search_term_string}"},"query-input":{"@type":"PropertyValueSpecification","valueRequired":true,"valueName":"search_term_string"}}],"inLanguage":"es"},{"@type":"Organization","@id":"https:\/\/imm.webs.upv.es\/#organization","name":"I. U. de Matem\u00e1tica Multidisciplinar","url":"https:\/\/imm.webs.upv.es\/","logo":{"@type":"ImageObject","inLanguage":"es","@id":"https:\/\/imm.webs.upv.es\/#\/schema\/logo\/image\/","url":"https:\/\/imm.webs.upv.es\/wp-content\/uploads\/2020\/11\/imm_blue-1.png","contentUrl":"https:\/\/imm.webs.upv.es\/wp-content\/uploads\/2020\/11\/imm_blue-1.png","width":931,"height":498,"caption":"I. U. de Matem\u00e1tica Multidisciplinar"},"image":{"@id":"https:\/\/imm.webs.upv.es\/#\/schema\/logo\/image\/"}}]}},"_links":{"self":[{"href":"https:\/\/imm.webs.upv.es\/es\/wp-json\/wp\/v2\/pages\/123","targetHints":{"allow":["GET"]}}],"collection":[{"href":"https:\/\/imm.webs.upv.es\/es\/wp-json\/wp\/v2\/pages"}],"about":[{"href":"https:\/\/imm.webs.upv.es\/es\/wp-json\/wp\/v2\/types\/page"}],"author":[{"embeddable":true,"href":"https:\/\/imm.webs.upv.es\/es\/wp-json\/wp\/v2\/users\/4"}],"replies":[{"embeddable":true,"href":"https:\/\/imm.webs.upv.es\/es\/wp-json\/wp\/v2\/comments?post=123"}],"version-history":[{"count":55,"href":"https:\/\/imm.webs.upv.es\/es\/wp-json\/wp\/v2\/pages\/123\/revisions"}],"predecessor-version":[{"id":4476,"href":"https:\/\/imm.webs.upv.es\/es\/wp-json\/wp\/v2\/pages\/123\/revisions\/4476"}],"wp:attachment":[{"href":"https:\/\/imm.webs.upv.es\/es\/wp-json\/wp\/v2\/media?parent=123"}],"curies":[{"name":"wp","href":"https:\/\/api.w.org\/{rel}","templated":true}]}}