{"id":2137,"date":"2022-03-28T20:01:00","date_gmt":"2022-03-28T18:01:00","guid":{"rendered":"https:\/\/imm.webs.upv.es\/?page_id=2137"},"modified":"2026-02-16T11:02:36","modified_gmt":"2026-02-16T10:02:36","slug":"imm-reports","status":"publish","type":"page","link":"https:\/\/imm.webs.upv.es\/es\/imm-reports\/","title":{"rendered":"Memorias IMM"},"content":{"rendered":"\n<p>En estos informes se recogen las actividades m\u00e1s relevantes desarrolladas a lo largo del a\u00f1o en el I.U. Matem\u00e1tica Multidisciplinar:<\/p>\n\n\n\n<ul class=\"wp-block-list\">\n<li><a href=\"https:\/\/imm.webs.upv.es\/wp-content\/uploads\/2026\/02\/MEMORIA_ANUAL_2025.pdf\" type=\"link\" id=\"https:\/\/imm.webs.upv.es\/wp-content\/uploads\/2026\/02\/MEMORIA_ANUAL_2025.pdf\">Memoria del IMM 2025<\/a><\/li>\n\n\n\n<li><a href=\"https:\/\/imm.webs.upv.es\/wp-content\/uploads\/2025\/02\/Memoria-del-IMM-2024_v2.pdf\" target=\"_blank\" rel=\"noreferrer noopener\">Memoria del IMM 2024<\/a><\/li>\n\n\n\n<li><a href=\"https:\/\/imm.webs.upv.es\/wp-content\/uploads\/2024\/04\/Memoria-del-IMM-2023.pdf\">Memoria del IMM 2023<\/a><\/li>\n\n\n\n<li><a href=\"https:\/\/imm.webs.upv.es\/wp-content\/uploads\/2024\/06\/Memoria-del-IMM-2022.pdf\">Memoria del IMM 2022<\/a><\/li>\n\n\n\n<li><a href=\"https:\/\/imm.webs.upv.es\/wp-content\/uploads\/2022\/03\/Memoria-del-IMM-2021.pdf\">Memoria del IMM 2021<\/a> <\/li>\n<\/ul>\n\n\n\n<p><\/p>\n","protected":false},"excerpt":{"rendered":"<p>En estos informes se recogen las actividades m\u00e1s relevantes desarrolladas a lo largo del a\u00f1o en el I.U. Matem\u00e1tica Multidisciplinar: <a class=\"continue-reading-link\" href=\"https:\/\/imm.webs.upv.es\/es\/imm-reports\/\">Show more<\/a><\/p>\n","protected":false},"author":4,"featured_media":0,"parent":0,"menu_order":0,"comment_status":"closed","ping_status":"closed","template":"","meta":{"ngg_post_thumbnail":0,"footnotes":""},"class_list":["post-2137","page","type-page","status-publish","hentry"],"translation":{"provider":"WPGlobus","version":"3.0.2","language":"es","enabled_languages":["en","ca","es"],"languages":{"en":{"title":true,"content":true,"excerpt":false},"ca":{"title":true,"content":true,"excerpt":false},"es":{"title":true,"content":true,"excerpt":false}}},"yoast_head":"<!-- This site is optimized with the Yoast SEO plugin v27.4 - https:\/\/yoast.com\/product\/yoast-seo-wordpress\/ -->\n<title>Memorias IMM - I. U. de Matem\u00e1tica Multidisciplinar<\/title>\n<meta name=\"robots\" content=\"index, follow, max-snippet:-1, max-image-preview:large, max-video-preview:-1\" \/>\n<link rel=\"canonical\" href=\"https:\/\/imm.webs.upv.es\/imm-reports\/\" \/>\n<meta property=\"og:locale\" content=\"es_ES\" \/>\n<meta property=\"og:type\" content=\"article\" \/>\n<meta property=\"og:title\" content=\"Memorias IMM - I. U. de Matem\u00e1tica Multidisciplinar\" \/>\n<meta property=\"og:url\" content=\"https:\/\/imm.webs.upv.es\/imm-reports\/\" \/>\n<meta property=\"og:site_name\" content=\"I. U. de Matem\u00e1tica Multidisciplinar\" \/>\n<meta property=\"article:modified_time\" content=\"2026-02-16T10:02:36+00:00\" \/>\n<meta name=\"twitter:card\" content=\"summary_large_image\" \/>\n<meta name=\"twitter:label1\" content=\"Tiempo de lectura\" \/>\n\t<meta name=\"twitter:data1\" content=\"1 minuto\" \/>\n<script type=\"application\/ld+json\" class=\"yoast-schema-graph\">{\"@context\":\"https:\\\/\\\/schema.org\",\"@graph\":[{\"@type\":\"WebPage\",\"@id\":\"https:\\\/\\\/imm.webs.upv.es\\\/imm-reports\\\/\",\"url\":\"https:\\\/\\\/imm.webs.upv.es\\\/imm-reports\\\/\",\"name\":\"Memorias IMM - I. U. de Matem\u00e1tica Multidisciplinar\",\"isPartOf\":{\"@id\":\"https:\\\/\\\/imm.webs.upv.es\\\/#website\"},\"datePublished\":\"2022-03-28T18:01:00+00:00\",\"dateModified\":\"2026-02-16T10:02:36+00:00\",\"breadcrumb\":{\"@id\":\"https:\\\/\\\/imm.webs.upv.es\\\/imm-reports\\\/#breadcrumb\"},\"inLanguage\":\"es\",\"potentialAction\":[{\"@type\":\"ReadAction\",\"target\":[\"https:\\\/\\\/imm.webs.upv.es\\\/imm-reports\\\/\"]}]},{\"@type\":\"BreadcrumbList\",\"@id\":\"https:\\\/\\\/imm.webs.upv.es\\\/imm-reports\\\/#breadcrumb\",\"itemListElement\":[{\"@type\":\"ListItem\",\"position\":1,\"name\":\"Home\",\"item\":\"https:\\\/\\\/imm.webs.upv.es\\\/\"},{\"@type\":\"ListItem\",\"position\":2,\"name\":\"IMM Reports\"}]},{\"@type\":\"WebSite\",\"@id\":\"https:\\\/\\\/imm.webs.upv.es\\\/#website\",\"url\":\"https:\\\/\\\/imm.webs.upv.es\\\/\",\"name\":\"I. U. de Matem\u00e1tica Multidisciplinar\",\"description\":\"\",\"publisher\":{\"@id\":\"https:\\\/\\\/imm.webs.upv.es\\\/#organization\"},\"potentialAction\":[{\"@type\":\"SearchAction\",\"target\":{\"@type\":\"EntryPoint\",\"urlTemplate\":\"https:\\\/\\\/imm.webs.upv.es\\\/?s={search_term_string}\"},\"query-input\":{\"@type\":\"PropertyValueSpecification\",\"valueRequired\":true,\"valueName\":\"search_term_string\"}}],\"inLanguage\":\"es\"},{\"@type\":\"Organization\",\"@id\":\"https:\\\/\\\/imm.webs.upv.es\\\/#organization\",\"name\":\"I. U. de Matem\u00e1tica Multidisciplinar\",\"url\":\"https:\\\/\\\/imm.webs.upv.es\\\/\",\"logo\":{\"@type\":\"ImageObject\",\"inLanguage\":\"es\",\"@id\":\"https:\\\/\\\/imm.webs.upv.es\\\/#\\\/schema\\\/logo\\\/image\\\/\",\"url\":\"https:\\\/\\\/imm.webs.upv.es\\\/wp-content\\\/uploads\\\/2020\\\/11\\\/imm_blue-1.png\",\"contentUrl\":\"https:\\\/\\\/imm.webs.upv.es\\\/wp-content\\\/uploads\\\/2020\\\/11\\\/imm_blue-1.png\",\"width\":931,\"height\":498,\"caption\":\"I. U. de Matem\u00e1tica Multidisciplinar\"},\"image\":{\"@id\":\"https:\\\/\\\/imm.webs.upv.es\\\/#\\\/schema\\\/logo\\\/image\\\/\"}}]}<\/script>\n<!-- \/ Yoast SEO plugin. -->","yoast_head_json":{"title":"Memorias IMM - I. U. de Matem\u00e1tica Multidisciplinar","robots":{"index":"index","follow":"follow","max-snippet":"max-snippet:-1","max-image-preview":"max-image-preview:large","max-video-preview":"max-video-preview:-1"},"canonical":"https:\/\/imm.webs.upv.es\/imm-reports\/","og_locale":"es_ES","og_type":"article","og_title":"Memorias IMM - I. U. de Matem\u00e1tica Multidisciplinar","og_url":"https:\/\/imm.webs.upv.es\/imm-reports\/","og_site_name":"I. U. de Matem\u00e1tica Multidisciplinar","article_modified_time":"2026-02-16T10:02:36+00:00","twitter_card":"summary_large_image","twitter_misc":{"Tiempo de lectura":"1 minuto"},"schema":{"@context":"https:\/\/schema.org","@graph":[{"@type":"WebPage","@id":"https:\/\/imm.webs.upv.es\/imm-reports\/","url":"https:\/\/imm.webs.upv.es\/imm-reports\/","name":"Memorias IMM - I. U. de Matem\u00e1tica Multidisciplinar","isPartOf":{"@id":"https:\/\/imm.webs.upv.es\/#website"},"datePublished":"2022-03-28T18:01:00+00:00","dateModified":"2026-02-16T10:02:36+00:00","breadcrumb":{"@id":"https:\/\/imm.webs.upv.es\/imm-reports\/#breadcrumb"},"inLanguage":"es","potentialAction":[{"@type":"ReadAction","target":["https:\/\/imm.webs.upv.es\/imm-reports\/"]}]},{"@type":"BreadcrumbList","@id":"https:\/\/imm.webs.upv.es\/imm-reports\/#breadcrumb","itemListElement":[{"@type":"ListItem","position":1,"name":"Home","item":"https:\/\/imm.webs.upv.es\/"},{"@type":"ListItem","position":2,"name":"IMM Reports"}]},{"@type":"WebSite","@id":"https:\/\/imm.webs.upv.es\/#website","url":"https:\/\/imm.webs.upv.es\/","name":"I. U. de Matem\u00e1tica Multidisciplinar","description":"","publisher":{"@id":"https:\/\/imm.webs.upv.es\/#organization"},"potentialAction":[{"@type":"SearchAction","target":{"@type":"EntryPoint","urlTemplate":"https:\/\/imm.webs.upv.es\/?s={search_term_string}"},"query-input":{"@type":"PropertyValueSpecification","valueRequired":true,"valueName":"search_term_string"}}],"inLanguage":"es"},{"@type":"Organization","@id":"https:\/\/imm.webs.upv.es\/#organization","name":"I. U. de Matem\u00e1tica Multidisciplinar","url":"https:\/\/imm.webs.upv.es\/","logo":{"@type":"ImageObject","inLanguage":"es","@id":"https:\/\/imm.webs.upv.es\/#\/schema\/logo\/image\/","url":"https:\/\/imm.webs.upv.es\/wp-content\/uploads\/2020\/11\/imm_blue-1.png","contentUrl":"https:\/\/imm.webs.upv.es\/wp-content\/uploads\/2020\/11\/imm_blue-1.png","width":931,"height":498,"caption":"I. U. de Matem\u00e1tica Multidisciplinar"},"image":{"@id":"https:\/\/imm.webs.upv.es\/#\/schema\/logo\/image\/"}}]}},"_links":{"self":[{"href":"https:\/\/imm.webs.upv.es\/es\/wp-json\/wp\/v2\/pages\/2137","targetHints":{"allow":["GET"]}}],"collection":[{"href":"https:\/\/imm.webs.upv.es\/es\/wp-json\/wp\/v2\/pages"}],"about":[{"href":"https:\/\/imm.webs.upv.es\/es\/wp-json\/wp\/v2\/types\/page"}],"author":[{"embeddable":true,"href":"https:\/\/imm.webs.upv.es\/es\/wp-json\/wp\/v2\/users\/4"}],"replies":[{"embeddable":true,"href":"https:\/\/imm.webs.upv.es\/es\/wp-json\/wp\/v2\/comments?post=2137"}],"version-history":[{"count":61,"href":"https:\/\/imm.webs.upv.es\/es\/wp-json\/wp\/v2\/pages\/2137\/revisions"}],"predecessor-version":[{"id":4805,"href":"https:\/\/imm.webs.upv.es\/es\/wp-json\/wp\/v2\/pages\/2137\/revisions\/4805"}],"wp:attachment":[{"href":"https:\/\/imm.webs.upv.es\/es\/wp-json\/wp\/v2\/media?parent=2137"}],"curies":[{"name":"wp","href":"https:\/\/api.w.org\/{rel}","templated":true}]}}