{"id":4765,"date":"2025-12-18T10:01:45","date_gmt":"2025-12-18T09:01:45","guid":{"rendered":"https:\/\/imm.webs.upv.es\/?page_id=4765"},"modified":"2026-02-10T13:41:44","modified_gmt":"2026-02-10T12:41:44","slug":"scientific-and-technical-committee","status":"publish","type":"page","link":"https:\/\/imm.webs.upv.es\/es\/scientific-and-technical-committee\/","title":{"rendered":"Comisi\u00f3n cient\u00edfico-t\u00e9cnica"},"content":{"rendered":"\n<p>Puedes ver y descargar la normativa de la comisi\u00f3n cient\u00edfico-t\u00e9cnica del IMM de la UPV en este <a href=\"https:\/\/imm.webs.upv.es\/wp-content\/uploads\/2025\/12\/Reglamento-Especifico-CCT-IUMM.pdf\">enlace<\/a>.<\/p>\n\n\n\n<p>Los miembros que componen esta comisi\u00f3n son:<\/p>\n\n\n\n<p><strong>Miembros natos:<\/strong><\/p>\n\n\n\n<ul class=\"wp-block-list\">\n<li>Presidencia: Juan Carlos Cort\u00e9s L\u00f3pez<\/li>\n\n\n\n<li>Secretar\u00eda: Cristina Santamar\u00eda Navarro<\/li>\n\n\n\n<li>Vocal\u00eda: Francisco I. Chicharro L\u00f3pez<\/li>\n<\/ul>\n\n\n\n<p><strong>Miembros electos:<\/strong><\/p>\n\n\n\n<ul class=\"wp-block-list\">\n<li>Bego\u00f1a Cant\u00f3 Colomina<\/li>\n\n\n\n<li>M\u00e0rius Josep Fullana i Alfonso<\/li>\n\n\n\n<li>Ana Navarro Quiles<\/li>\n\n\n\n<li>Teresa Pilar Real Herr\u00e1iz<\/li>\n\n\n\n<li>Juan Ram\u00f3n Torregrosa S\u00e1nchez<\/li>\n\n\n\n<li>Antoni Vidal Ferr\u00e0ndiz<\/li>\n<\/ul>\n","protected":false},"excerpt":{"rendered":"<p>Puedes ver y descargar la normativa de la comisi\u00f3n cient\u00edfico-t\u00e9cnica del IMM de la UPV en este enlace. Los miembros que componen esta comisi\u00f3n son: Miembros natos: Miembros electos: <a class=\"continue-reading-link\" href=\"https:\/\/imm.webs.upv.es\/es\/scientific-and-technical-committee\/\">Show more<\/a><\/p>\n","protected":false},"author":4,"featured_media":0,"parent":0,"menu_order":0,"comment_status":"closed","ping_status":"closed","template":"","meta":{"ngg_post_thumbnail":0,"footnotes":""},"class_list":["post-4765","page","type-page","status-publish","hentry"],"translation":{"provider":"WPGlobus","version":"3.0.2","language":"es","enabled_languages":["en","ca","es"],"languages":{"en":{"title":true,"content":true,"excerpt":false},"ca":{"title":true,"content":true,"excerpt":false},"es":{"title":true,"content":true,"excerpt":false}}},"yoast_head":"<!-- This site is optimized with the Yoast SEO plugin v27.4 - https:\/\/yoast.com\/product\/yoast-seo-wordpress\/ -->\n<title>Comisi\u00f3n cient\u00edfico-t\u00e9cnica - I. U. de Matem\u00e1tica Multidisciplinar<\/title>\n<meta name=\"robots\" content=\"index, follow, max-snippet:-1, max-image-preview:large, max-video-preview:-1\" \/>\n<link rel=\"canonical\" href=\"https:\/\/imm.webs.upv.es\/scientific-and-technical-committee\/\" \/>\n<meta property=\"og:locale\" content=\"es_ES\" \/>\n<meta property=\"og:type\" content=\"article\" \/>\n<meta property=\"og:title\" content=\"Comisi\u00f3n cient\u00edfico-t\u00e9cnica - I. U. de Matem\u00e1tica Multidisciplinar\" \/>\n<meta property=\"og:url\" content=\"https:\/\/imm.webs.upv.es\/scientific-and-technical-committee\/\" \/>\n<meta property=\"og:site_name\" content=\"I. U. de Matem\u00e1tica Multidisciplinar\" \/>\n<meta property=\"article:modified_time\" content=\"2026-02-10T12:41:44+00:00\" \/>\n<meta name=\"twitter:card\" content=\"summary_large_image\" \/>\n<meta name=\"twitter:label1\" content=\"Tiempo de lectura\" \/>\n\t<meta name=\"twitter:data1\" content=\"1 minuto\" \/>\n<script type=\"application\/ld+json\" class=\"yoast-schema-graph\">{\"@context\":\"https:\\\/\\\/schema.org\",\"@graph\":[{\"@type\":\"WebPage\",\"@id\":\"https:\\\/\\\/imm.webs.upv.es\\\/scientific-and-technical-committee\\\/\",\"url\":\"https:\\\/\\\/imm.webs.upv.es\\\/scientific-and-technical-committee\\\/\",\"name\":\"Comisi\u00f3n cient\u00edfico-t\u00e9cnica - I. U. de Matem\u00e1tica Multidisciplinar\",\"isPartOf\":{\"@id\":\"https:\\\/\\\/imm.webs.upv.es\\\/#website\"},\"datePublished\":\"2025-12-18T09:01:45+00:00\",\"dateModified\":\"2026-02-10T12:41:44+00:00\",\"breadcrumb\":{\"@id\":\"https:\\\/\\\/imm.webs.upv.es\\\/scientific-and-technical-committee\\\/#breadcrumb\"},\"inLanguage\":\"es\",\"potentialAction\":[{\"@type\":\"ReadAction\",\"target\":[\"https:\\\/\\\/imm.webs.upv.es\\\/scientific-and-technical-committee\\\/\"]}]},{\"@type\":\"BreadcrumbList\",\"@id\":\"https:\\\/\\\/imm.webs.upv.es\\\/scientific-and-technical-committee\\\/#breadcrumb\",\"itemListElement\":[{\"@type\":\"ListItem\",\"position\":1,\"name\":\"Home\",\"item\":\"https:\\\/\\\/imm.webs.upv.es\\\/\"},{\"@type\":\"ListItem\",\"position\":2,\"name\":\"Scientific and technical committee\"}]},{\"@type\":\"WebSite\",\"@id\":\"https:\\\/\\\/imm.webs.upv.es\\\/#website\",\"url\":\"https:\\\/\\\/imm.webs.upv.es\\\/\",\"name\":\"I. U. de Matem\u00e1tica Multidisciplinar\",\"description\":\"\",\"publisher\":{\"@id\":\"https:\\\/\\\/imm.webs.upv.es\\\/#organization\"},\"potentialAction\":[{\"@type\":\"SearchAction\",\"target\":{\"@type\":\"EntryPoint\",\"urlTemplate\":\"https:\\\/\\\/imm.webs.upv.es\\\/?s={search_term_string}\"},\"query-input\":{\"@type\":\"PropertyValueSpecification\",\"valueRequired\":true,\"valueName\":\"search_term_string\"}}],\"inLanguage\":\"es\"},{\"@type\":\"Organization\",\"@id\":\"https:\\\/\\\/imm.webs.upv.es\\\/#organization\",\"name\":\"I. U. de Matem\u00e1tica Multidisciplinar\",\"url\":\"https:\\\/\\\/imm.webs.upv.es\\\/\",\"logo\":{\"@type\":\"ImageObject\",\"inLanguage\":\"es\",\"@id\":\"https:\\\/\\\/imm.webs.upv.es\\\/#\\\/schema\\\/logo\\\/image\\\/\",\"url\":\"https:\\\/\\\/imm.webs.upv.es\\\/wp-content\\\/uploads\\\/2020\\\/11\\\/imm_blue-1.png\",\"contentUrl\":\"https:\\\/\\\/imm.webs.upv.es\\\/wp-content\\\/uploads\\\/2020\\\/11\\\/imm_blue-1.png\",\"width\":931,\"height\":498,\"caption\":\"I. U. de Matem\u00e1tica Multidisciplinar\"},\"image\":{\"@id\":\"https:\\\/\\\/imm.webs.upv.es\\\/#\\\/schema\\\/logo\\\/image\\\/\"}}]}<\/script>\n<!-- \/ Yoast SEO plugin. -->","yoast_head_json":{"title":"Comisi\u00f3n cient\u00edfico-t\u00e9cnica - I. U. de Matem\u00e1tica Multidisciplinar","robots":{"index":"index","follow":"follow","max-snippet":"max-snippet:-1","max-image-preview":"max-image-preview:large","max-video-preview":"max-video-preview:-1"},"canonical":"https:\/\/imm.webs.upv.es\/scientific-and-technical-committee\/","og_locale":"es_ES","og_type":"article","og_title":"Comisi\u00f3n cient\u00edfico-t\u00e9cnica - I. U. de Matem\u00e1tica Multidisciplinar","og_url":"https:\/\/imm.webs.upv.es\/scientific-and-technical-committee\/","og_site_name":"I. U. de Matem\u00e1tica Multidisciplinar","article_modified_time":"2026-02-10T12:41:44+00:00","twitter_card":"summary_large_image","twitter_misc":{"Tiempo de lectura":"1 minuto"},"schema":{"@context":"https:\/\/schema.org","@graph":[{"@type":"WebPage","@id":"https:\/\/imm.webs.upv.es\/scientific-and-technical-committee\/","url":"https:\/\/imm.webs.upv.es\/scientific-and-technical-committee\/","name":"Comisi\u00f3n cient\u00edfico-t\u00e9cnica - I. U. de Matem\u00e1tica Multidisciplinar","isPartOf":{"@id":"https:\/\/imm.webs.upv.es\/#website"},"datePublished":"2025-12-18T09:01:45+00:00","dateModified":"2026-02-10T12:41:44+00:00","breadcrumb":{"@id":"https:\/\/imm.webs.upv.es\/scientific-and-technical-committee\/#breadcrumb"},"inLanguage":"es","potentialAction":[{"@type":"ReadAction","target":["https:\/\/imm.webs.upv.es\/scientific-and-technical-committee\/"]}]},{"@type":"BreadcrumbList","@id":"https:\/\/imm.webs.upv.es\/scientific-and-technical-committee\/#breadcrumb","itemListElement":[{"@type":"ListItem","position":1,"name":"Home","item":"https:\/\/imm.webs.upv.es\/"},{"@type":"ListItem","position":2,"name":"Scientific and technical committee"}]},{"@type":"WebSite","@id":"https:\/\/imm.webs.upv.es\/#website","url":"https:\/\/imm.webs.upv.es\/","name":"I. U. de Matem\u00e1tica Multidisciplinar","description":"","publisher":{"@id":"https:\/\/imm.webs.upv.es\/#organization"},"potentialAction":[{"@type":"SearchAction","target":{"@type":"EntryPoint","urlTemplate":"https:\/\/imm.webs.upv.es\/?s={search_term_string}"},"query-input":{"@type":"PropertyValueSpecification","valueRequired":true,"valueName":"search_term_string"}}],"inLanguage":"es"},{"@type":"Organization","@id":"https:\/\/imm.webs.upv.es\/#organization","name":"I. U. de Matem\u00e1tica Multidisciplinar","url":"https:\/\/imm.webs.upv.es\/","logo":{"@type":"ImageObject","inLanguage":"es","@id":"https:\/\/imm.webs.upv.es\/#\/schema\/logo\/image\/","url":"https:\/\/imm.webs.upv.es\/wp-content\/uploads\/2020\/11\/imm_blue-1.png","contentUrl":"https:\/\/imm.webs.upv.es\/wp-content\/uploads\/2020\/11\/imm_blue-1.png","width":931,"height":498,"caption":"I. U. de Matem\u00e1tica Multidisciplinar"},"image":{"@id":"https:\/\/imm.webs.upv.es\/#\/schema\/logo\/image\/"}}]}},"_links":{"self":[{"href":"https:\/\/imm.webs.upv.es\/es\/wp-json\/wp\/v2\/pages\/4765","targetHints":{"allow":["GET"]}}],"collection":[{"href":"https:\/\/imm.webs.upv.es\/es\/wp-json\/wp\/v2\/pages"}],"about":[{"href":"https:\/\/imm.webs.upv.es\/es\/wp-json\/wp\/v2\/types\/page"}],"author":[{"embeddable":true,"href":"https:\/\/imm.webs.upv.es\/es\/wp-json\/wp\/v2\/users\/4"}],"replies":[{"embeddable":true,"href":"https:\/\/imm.webs.upv.es\/es\/wp-json\/wp\/v2\/comments?post=4765"}],"version-history":[{"count":6,"href":"https:\/\/imm.webs.upv.es\/es\/wp-json\/wp\/v2\/pages\/4765\/revisions"}],"predecessor-version":[{"id":4810,"href":"https:\/\/imm.webs.upv.es\/es\/wp-json\/wp\/v2\/pages\/4765\/revisions\/4810"}],"wp:attachment":[{"href":"https:\/\/imm.webs.upv.es\/es\/wp-json\/wp\/v2\/media?parent=4765"}],"curies":[{"name":"wp","href":"https:\/\/api.w.org\/{rel}","templated":true}]}}